{"id":17014,"date":"2022-07-15T14:52:19","date_gmt":"2022-07-15T17:52:19","guid":{"rendered":"https:\/\/regispel.com\/cupom-social-hospital-pequeno-principe\/"},"modified":"2022-07-15T14:52:19","modified_gmt":"2022-07-15T17:52:19","slug":"cupom-social-hospital-pequeno-principe","status":"publish","type":"page","link":"https:\/\/regispel.com\/en\/cupom-social-hospital-pequeno-principe\/","title":{"rendered":"Cupom Social &#8211; Hospital Pequeno Pr\u00edncipe"},"content":{"rendered":"<div class=\"wpb-content-wrapper\"><p>[vc_row css_animation=&#8221;&#8221; row_type=&#8221;row&#8221; use_row_as_full_screen_section=&#8221;no&#8221; type=&#8221;grid&#8221; angled_section=&#8221;no&#8221; text_align=&#8221;left&#8221; background_image_as_pattern=&#8221;without_pattern&#8221; padding_top=&#8221;85&#8243; padding_bottom=&#8221;47&#8243;][vc_column width=&#8221;1\/2&#8243;][vc_column_text]<img loading=\"lazy\" decoding=\"async\" class=\"alignnone wp-image-16078 size-full\" src=\"http:\/\/regispel.com\/wp-content\/uploads\/2022\/07\/1.0-Cupom-Social-PR-1.jpg\" alt=\"\" width=\"1000\" height=\"649\" srcset=\"https:\/\/regispel.com\/wp-content\/uploads\/2022\/07\/1.0-Cupom-Social-PR-1.jpg 1000w, https:\/\/regispel.com\/wp-content\/uploads\/2022\/07\/1.0-Cupom-Social-PR-1-300x195.jpg 300w, https:\/\/regispel.com\/wp-content\/uploads\/2022\/07\/1.0-Cupom-Social-PR-1-768x498.jpg 768w, https:\/\/regispel.com\/wp-content\/uploads\/2022\/07\/1.0-Cupom-Social-PR-1-400x260.jpg 400w, https:\/\/regispel.com\/wp-content\/uploads\/2022\/07\/1.0-Cupom-Social-PR-1-700x454.jpg 700w\" sizes=\"auto, (max-width: 1000px) 100vw, 1000px\" \/><\/p>\n<p>Quem compra bobinas Regispel contribui com as crian\u00e7as e adolescentes atendidos pelo Hospital Pequeno Pr\u00edncipe.<\/p>\n<p>&nbsp;<\/p>\n<p>A partir de agora, a bobina t\u00e9rmica que a Regispel comercializar com as redes varejistas paranaenses ter\u00e1 um percentual do seu valor revertido para o Hospital Pequeno Pr\u00edncipe.<\/p>\n<p>&nbsp;<\/p>\n<p>Esta novidade estar\u00e1 impressa no verso de suas bobinas, assim seus clientes saber\u00e3o que voc\u00ea e sua empresa abra\u00e7am a causa da sa\u00fade infantojuvenil.<\/p>\n<p>&nbsp;<\/p>\n<p>Cupom Fiscal agora vale muito mais: vale recupera\u00e7\u00e3o, adapta\u00e7\u00e3o, inser\u00e7\u00e3o social e qualidade de vida.<\/p>\n<p>&nbsp;<\/p>\n<p>Regispel: a qualidade de 40 anos que voc\u00ea j\u00e1 conhece e aprova, ajudando a aumentar as chances de vida de milhares de crian\u00e7as e adolescentes atendidos pelo Hospital Pequeno Pr\u00edncipe.[\/vc_column_text][vc_empty_space height=&#8221;67&#8243;][vc_video link=&#8221;https:\/\/www.youtube.com\/watch?v=fc78MShQuWw&#8221;][\/vc_column][vc_column width=&#8221;1\/2&#8243;][vc_column_text]<strong>Sobre o Hospital Pequeno Pr\u00edncipe<\/strong><\/p>\n<p>&nbsp;<\/p>\n<p>&nbsp;<\/p>\n<p><img loading=\"lazy\" decoding=\"async\" class=\"wp-image-16207 alignleft\" src=\"http:\/\/regispel.com\/wp-content\/uploads\/2022\/07\/1.3-Logo-HPP--300x176.jpg\" alt=\"\" width=\"194\" height=\"114\" srcset=\"https:\/\/regispel.com\/wp-content\/uploads\/2022\/07\/1.3-Logo-HPP--300x176.jpg 300w, https:\/\/regispel.com\/wp-content\/uploads\/2022\/07\/1.3-Logo-HPP--1024x601.jpg 1024w, https:\/\/regispel.com\/wp-content\/uploads\/2022\/07\/1.3-Logo-HPP--768x451.jpg 768w, https:\/\/regispel.com\/wp-content\/uploads\/2022\/07\/1.3-Logo-HPP--700x411.jpg 700w, https:\/\/regispel.com\/wp-content\/uploads\/2022\/07\/1.3-Logo-HPP-.jpg 1292w\" sizes=\"auto, (max-width: 194px) 100vw, 194px\" \/>O Pequeno Pr\u00edncipe \u00e9 o maior hospital exclusivamente pedi\u00e1trico do Brasil. Com sede em Curitiba, atende pacientes de todo pa\u00eds em 32 especialidades de m\u00e9dia e alta complexidade. \u00c9 refer\u00eancia em ortopedia, cardiologia, oncologia pedi\u00e1trica e transplantes.<\/p>\n<p>&nbsp;<\/p>\n<p>Destina cerca de 70% da capacidade para o Sistema \u00danico de Sa\u00fade (SUS). Realiza mais de 311 mil atendimentos ambulatoriais por ano, 23 mil interna\u00e7\u00f5es e 20 mil cirurgias. \u00c9 pioneiro em programas de humaniza\u00e7\u00e3o que se tornaram modelo para todo pa\u00eds, como o Fam\u00edlia Participante, presta suporte a familiares durante o internamento; e o Educa\u00e7\u00e3o e Cultura, que garante educa\u00e7\u00e3o para pacientes e internados e proporciona, por meio de oficinas e apresenta\u00e7\u00f5es, acesso \u00e0 cultura.<\/p>\n<p>&nbsp;<\/p>\n<p>Conhe\u00e7a mais do Hospital Pequeno Pr\u00edncipe em:<br \/>\n<a href=\"http:\/\/pequenoprincipe.org.br\" target=\"_blank\" rel=\"noopener\">http:\/\/pequenoprincipe.org.br<\/a> | Tel: (41 3310.1010)<\/p>\n<p>&nbsp;<\/p>\n<p>&nbsp;<\/p>\n<p>&nbsp;<\/p>\n<p><img loading=\"lazy\" decoding=\"async\" class=\"size-medium wp-image-16084 aligncenter\" src=\"http:\/\/regispel.com\/wp-content\/uploads\/2022\/07\/1.3-cupom-social-HPP-300x154.png\" alt=\"\" width=\"300\" height=\"154\" srcset=\"https:\/\/regispel.com\/wp-content\/uploads\/2022\/07\/1.3-cupom-social-HPP-300x154.png 300w, https:\/\/regispel.com\/wp-content\/uploads\/2022\/07\/1.3-cupom-social-HPP.png 519w\" sizes=\"auto, (max-width: 300px) 100vw, 300px\" \/>[\/vc_column_text][\/vc_column][\/vc_row][vc_row css_animation=&#8221;element_from_fade&#8221; row_type=&#8221;row&#8221; use_row_as_full_screen_section=&#8221;no&#8221; type=&#8221;grid&#8221; angled_section=&#8221;no&#8221; text_align=&#8221;center&#8221; background_image_as_pattern=&#8221;without_pattern&#8221; background_color=&#8221;#f9f9f9&#8243; padding_top=&#8221;87&#8243; padding_bottom=&#8221;88&#8243; transition_delay=&#8221;150&#8243; css=&#8221;.vc_custom_1655506308318{background-color: #1e73be !important;}&#8221; z_index=&#8221;&#8221;][vc_column width=&#8221;2\/3&#8243;][vc_column_text]<\/p>\n<h3 style=\"text-align: right;\"><strong><span style=\"color: #ffffff;\">Solicite agora mesmo suas bobinas Regispel<\/span><\/strong><\/h3>\n<p>[\/vc_column_text][\/vc_column][vc_column css_animation=&#8221;none&#8221; width=&#8221;1\/3&#8243;]<a  itemprop=\"url\" href=\"https:\/\/regispel.com\/comprar\/\" target=\"_self\"  class=\"qbutton  large white default\" style=\"\">COMPRE J\u00c1<\/a>[\/vc_column][\/vc_row]<\/p>\n<\/div>","protected":false},"excerpt":{"rendered":"<p>[vc_row css_animation=&#8221;&#8221; row_type=&#8221;row&#8221; use_row_as_full_screen_section=&#8221;no&#8221; type=&#8221;grid&#8221; angled_section=&#8221;no&#8221; text_align=&#8221;left&#8221; background_image_as_pattern=&#8221;without_pattern&#8221; padding_top=&#8221;85&#8243; padding_bottom=&#8221;47&#8243;][vc_column width=&#8221;1\/2&#8243;][vc_column_text] Quem compra bobinas Regispel contribui com as crian\u00e7as e adolescentes atendidos pelo Hospital Pequeno Pr\u00edncipe. &nbsp; A partir de agora, a bobina t\u00e9rmica que a Regispel comercializar com as redes varejistas paranaenses ter\u00e1 um&#8230;<\/p>\n","protected":false},"author":1,"featured_media":16835,"parent":0,"menu_order":0,"comment_status":"open","ping_status":"closed","template":"full_width.php","meta":{"_monsterinsights_skip_tracking":false,"_monsterinsights_sitenote_active":false,"_monsterinsights_sitenote_note":"","_monsterinsights_sitenote_category":0,"footnotes":""},"class_list":["post-17014","page","type-page","status-publish","has-post-thumbnail","hentry"],"aioseo_notices":[],"_links":{"self":[{"href":"https:\/\/regispel.com\/en\/wp-json\/wp\/v2\/pages\/17014","targetHints":{"allow":["GET"]}}],"collection":[{"href":"https:\/\/regispel.com\/en\/wp-json\/wp\/v2\/pages"}],"about":[{"href":"https:\/\/regispel.com\/en\/wp-json\/wp\/v2\/types\/page"}],"author":[{"embeddable":true,"href":"https:\/\/regispel.com\/en\/wp-json\/wp\/v2\/users\/1"}],"replies":[{"embeddable":true,"href":"https:\/\/regispel.com\/en\/wp-json\/wp\/v2\/comments?post=17014"}],"version-history":[{"count":0,"href":"https:\/\/regispel.com\/en\/wp-json\/wp\/v2\/pages\/17014\/revisions"}],"wp:featuredmedia":[{"embeddable":true,"href":"https:\/\/regispel.com\/en\/wp-json\/wp\/v2\/media\/16835"}],"wp:attachment":[{"href":"https:\/\/regispel.com\/en\/wp-json\/wp\/v2\/media?parent=17014"}],"curies":[{"name":"wp","href":"https:\/\/api.w.org\/{rel}","templated":true}]}}