{"id":17019,"date":"2022-07-15T14:47:09","date_gmt":"2022-07-15T17:47:09","guid":{"rendered":"https:\/\/regispel.com\/cupom-campeao-instituto-guga-kuerten\/"},"modified":"2022-07-15T14:47:09","modified_gmt":"2022-07-15T17:47:09","slug":"cupom-campeao-instituto-guga-kuerten","status":"publish","type":"page","link":"https:\/\/regispel.com\/en\/cupom-campeao-instituto-guga-kuerten\/","title":{"rendered":"Cupom Campe\u00e3o &#8211; Instituto Guga Kuerten"},"content":{"rendered":"<div class=\"wpb-content-wrapper\"><p>[vc_row css_animation=&#8221;&#8221; row_type=&#8221;row&#8221; use_row_as_full_screen_section=&#8221;no&#8221; type=&#8221;grid&#8221; angled_section=&#8221;no&#8221; text_align=&#8221;left&#8221; background_image_as_pattern=&#8221;without_pattern&#8221; padding_top=&#8221;85&#8243; padding_bottom=&#8221;47&#8243;][vc_column width=&#8221;1\/2&#8243;][vc_column_text]<img loading=\"lazy\" decoding=\"async\" class=\"wp-image-16145 size-full aligncenter\" src=\"http:\/\/regispel.com\/wp-content\/uploads\/2022\/07\/acao-social-guga-kuerten.jpg\" alt=\"\" width=\"750\" height=\"486\" srcset=\"https:\/\/regispel.com\/wp-content\/uploads\/2022\/07\/acao-social-guga-kuerten.jpg 750w, https:\/\/regispel.com\/wp-content\/uploads\/2022\/07\/acao-social-guga-kuerten-300x194.jpg 300w, https:\/\/regispel.com\/wp-content\/uploads\/2022\/07\/acao-social-guga-kuerten-400x260.jpg 400w, https:\/\/regispel.com\/wp-content\/uploads\/2022\/07\/acao-social-guga-kuerten-700x454.jpg 700w\" sizes=\"auto, (max-width: 750px) 100vw, 750px\" \/><\/p>\n<p>&nbsp;<\/p>\n<p>Quem compra bobinas Regispel contribui com o desenvolvimento educacional das crian\u00e7as de Santa Catarina.<\/p>\n<p>&nbsp;<\/p>\n<p>A partir de agora, a bobina t\u00e9rmica para ECF que voc\u00ea comprar da Regispel ter\u00e1 parte de seu valor revertida aos programas educacionais do Instituto Guga Kurten.<\/p>\n<p>&nbsp;<\/p>\n<p>Esta novidade estar\u00e1 impressa no verso de suas bobinas, assim seus clientes saber\u00e3o que voc\u00ea e sua empresa abra\u00e7am a causa educacional junto ao p\u00fablico infantojuvenil.<\/p>\n<p>&nbsp;<\/p>\n<p>Cupom Fiscal agora vale muito mais: Vale educa\u00e7\u00e3o, esporte e inclus\u00e3o social.<\/p>\n<p>&nbsp;<\/p>\n<p>Regispel: a qualidade de mais de 40 anos que voc\u00ea j\u00e1 conhece e aprova, ajudando a qualificar e melhorar a qualidade de vida de milhares de crian\u00e7as e adolescentes atendidas pelo IGK em Santa Catarina.[\/vc_column_text][vc_empty_space height=&#8221;50&#8243;][vc_video link=&#8221;https:\/\/www.youtube.com\/watch?v=3QzaOfNdL4o&#8221;][\/vc_column][vc_column width=&#8221;1\/2&#8243;][vc_column_text]<\/p>\n<h4><strong>Sobre o Instituto Guga Kuerten<\/strong><\/h4>\n<p>&nbsp;<\/p>\n<p><img loading=\"lazy\" decoding=\"async\" class=\"wp-image-16073 alignleft\" src=\"http:\/\/regispel.com\/wp-content\/uploads\/2022\/07\/1.2-Logo-Instituto-Guga-Kuerten-300x213.jpg\" alt=\"\" width=\"161\" height=\"114\" srcset=\"https:\/\/regispel.com\/wp-content\/uploads\/2022\/07\/1.2-Logo-Instituto-Guga-Kuerten-300x213.jpg 300w, https:\/\/regispel.com\/wp-content\/uploads\/2022\/07\/1.2-Logo-Instituto-Guga-Kuerten-1024x728.jpg 1024w, https:\/\/regispel.com\/wp-content\/uploads\/2022\/07\/1.2-Logo-Instituto-Guga-Kuerten-768x546.jpg 768w, https:\/\/regispel.com\/wp-content\/uploads\/2022\/07\/1.2-Logo-Instituto-Guga-Kuerten-700x498.jpg 700w, https:\/\/regispel.com\/wp-content\/uploads\/2022\/07\/1.2-Logo-Instituto-Guga-Kuerten.jpg 1184w\" sizes=\"auto, (max-width: 161px) 100vw, 161px\" \/><\/p>\n<p>Oferecer oportunidades de transforma\u00e7\u00e3o social. Essa \u00e9 a miss\u00e3o do Instituto Guga Kuerten, institui\u00e7\u00e3o criada em 2000, com o desafio de atender estudantes de escolas p\u00fablicas e pessoas com defici\u00eancia, al\u00e9m de apoiar a\u00e7\u00f5es educacionais no Estado de Santa Catarina.<\/p>\n<p>&nbsp;<\/p>\n<p>Os projetos desenvolvidos pela organiza\u00e7\u00e3o s\u00e3o pautados por a\u00e7\u00f5es que visam \u00e0 inclus\u00e3o social dos jovens. Nos sete n\u00facleos mantidos pelo IGK, seis na Grande Florian\u00f3polis e um em Campos Novos, as crian\u00e7as s\u00e3o atendidas no contra turno da escola. Duas vezes por semana elas participam de oficinas esportivas, educacionais e culturais, com o monitoramento de uma equipe interdisciplinar, formada por profissionais da educa\u00e7\u00e3o f\u00edsica, pedagogia, psicologia, servi\u00e7o social, jornalismo e blioteconomia.<\/p>\n<p>&nbsp;<\/p>\n<p>Conhe\u00e7a mais em:\u00a0<a href=\"https:\/\/www.igk.org.br\" target=\"_blank\" rel=\"noopener\">www.igk.org.br<\/a><\/p>\n<p>&nbsp;<\/p>\n<p>&nbsp;<\/p>\n<p><img loading=\"lazy\" decoding=\"async\" class=\"size-medium wp-image-16074 aligncenter\" src=\"http:\/\/regispel.com\/wp-content\/uploads\/2022\/07\/1.2-cupom_campeao-guga-300x134.png\" alt=\"\" width=\"300\" height=\"134\" srcset=\"https:\/\/regispel.com\/wp-content\/uploads\/2022\/07\/1.2-cupom_campeao-guga-300x134.png 300w, https:\/\/regispel.com\/wp-content\/uploads\/2022\/07\/1.2-cupom_campeao-guga.png 510w\" sizes=\"auto, (max-width: 300px) 100vw, 300px\" \/>[\/vc_column_text][\/vc_column][\/vc_row][vc_row css_animation=&#8221;element_from_fade&#8221; row_type=&#8221;row&#8221; use_row_as_full_screen_section=&#8221;no&#8221; type=&#8221;grid&#8221; angled_section=&#8221;no&#8221; text_align=&#8221;center&#8221; background_image_as_pattern=&#8221;without_pattern&#8221; background_color=&#8221;#f9f9f9&#8243; padding_top=&#8221;87&#8243; padding_bottom=&#8221;88&#8243; transition_delay=&#8221;150&#8243; css=&#8221;.vc_custom_1655506308318{background-color: #1e73be !important;}&#8221; z_index=&#8221;&#8221;][vc_column width=&#8221;2\/3&#8243;][vc_column_text]<\/p>\n<h3 style=\"text-align: right;\"><strong><span style=\"color: #ffffff;\">Solicite agora mesmo suas bobinas Regispel<\/span><\/strong><\/h3>\n<p>[\/vc_column_text][\/vc_column][vc_column css_animation=&#8221;none&#8221; width=&#8221;1\/3&#8243;]<a  itemprop=\"url\" href=\"https:\/\/regispel.com\/comprar\/\" target=\"_self\"  class=\"qbutton  large white default\" style=\"\">COMPRE J\u00c1<\/a>[\/vc_column][\/vc_row]<\/p>\n<\/div>","protected":false},"excerpt":{"rendered":"<p>[vc_row css_animation=&#8221;&#8221; row_type=&#8221;row&#8221; use_row_as_full_screen_section=&#8221;no&#8221; type=&#8221;grid&#8221; angled_section=&#8221;no&#8221; text_align=&#8221;left&#8221; background_image_as_pattern=&#8221;without_pattern&#8221; padding_top=&#8221;85&#8243; padding_bottom=&#8221;47&#8243;][vc_column width=&#8221;1\/2&#8243;][vc_column_text] &nbsp; Quem compra bobinas Regispel contribui com o desenvolvimento educacional das crian\u00e7as de Santa Catarina. &nbsp; A partir de agora, a bobina t\u00e9rmica para ECF que voc\u00ea comprar da Regispel ter\u00e1 parte de seu&#8230;<\/p>\n","protected":false},"author":1,"featured_media":16831,"parent":0,"menu_order":0,"comment_status":"open","ping_status":"closed","template":"full_width.php","meta":{"_monsterinsights_skip_tracking":false,"_monsterinsights_sitenote_active":false,"_monsterinsights_sitenote_note":"","_monsterinsights_sitenote_category":0,"footnotes":""},"class_list":["post-17019","page","type-page","status-publish","has-post-thumbnail","hentry"],"aioseo_notices":[],"_links":{"self":[{"href":"https:\/\/regispel.com\/en\/wp-json\/wp\/v2\/pages\/17019","targetHints":{"allow":["GET"]}}],"collection":[{"href":"https:\/\/regispel.com\/en\/wp-json\/wp\/v2\/pages"}],"about":[{"href":"https:\/\/regispel.com\/en\/wp-json\/wp\/v2\/types\/page"}],"author":[{"embeddable":true,"href":"https:\/\/regispel.com\/en\/wp-json\/wp\/v2\/users\/1"}],"replies":[{"embeddable":true,"href":"https:\/\/regispel.com\/en\/wp-json\/wp\/v2\/comments?post=17019"}],"version-history":[{"count":0,"href":"https:\/\/regispel.com\/en\/wp-json\/wp\/v2\/pages\/17019\/revisions"}],"wp:featuredmedia":[{"embeddable":true,"href":"https:\/\/regispel.com\/en\/wp-json\/wp\/v2\/media\/16831"}],"wp:attachment":[{"href":"https:\/\/regispel.com\/en\/wp-json\/wp\/v2\/media?parent=17019"}],"curies":[{"name":"wp","href":"https:\/\/api.w.org\/{rel}","templated":true}]}}