{"id":17045,"date":"2022-07-15T18:05:21","date_gmt":"2022-07-15T21:05:21","guid":{"rendered":"https:\/\/regispel.com\/acao-social-2\/"},"modified":"2022-07-15T18:05:21","modified_gmt":"2022-07-15T21:05:21","slug":"acao-social","status":"publish","type":"page","link":"https:\/\/regispel.com\/en\/acao-social\/","title":{"rendered":"A\u00e7\u00e3o Sociall"},"content":{"rendered":"<div class=\"wpb-content-wrapper\"><p>[vc_row css_animation=&#8221;&#8221; row_type=&#8221;row&#8221; use_row_as_full_screen_section=&#8221;no&#8221; type=&#8221;grid&#8221; angled_section=&#8221;no&#8221; text_align=&#8221;center&#8221; background_image_as_pattern=&#8221;without_pattern&#8221; padding_top=&#8221;86&#8243; padding_bottom=&#8221;40&#8243; el_class=&#8221;custom-icon-styles&#8221;][vc_column][vc_row_inner row_type=&#8221;row&#8221; type=&#8221;full_width&#8221; text_align=&#8221;left&#8221; css_animation=&#8221;element_from_bottom&#8221; transition_delay=&#8221;150&#8243; padding_bottom=&#8221;75&#8243;][vc_column_inner][vc_column_text]<\/p>\n<h1 style=\"text-align: center;\"><strong>Conhe\u00e7a as A\u00e7\u00f5es Solid\u00e1rias Regispel<\/strong><\/h1>\n<p>[\/vc_column_text][\/vc_column_inner][\/vc_row_inner][vc_row_inner row_type=&#8221;row&#8221; type=&#8221;full_width&#8221; text_align=&#8221;left&#8221; css_animation=&#8221;element_from_bottom&#8221; transition_delay=&#8221;150&#8243; padding_bottom=&#8221;75&#8243;][vc_column_inner width=&#8221;1\/2&#8243;][vc_column_text]<\/p>\n<p style=\"text-align: left;\"><strong>Por que participar?<\/strong><\/p>\n<p>&nbsp;<\/p>\n<ul>\n<li style=\"text-align: left;\">prover uma fra\u00e7\u00e3o das necessidades das crian\u00e7as atendidas pelos projetos sociais;<\/li>\n<li style=\"text-align: left;\">promover uma mobiliza\u00e7\u00e3o a partir da campanha;<\/li>\n<li style=\"text-align: left;\">conscientizar a popula\u00e7\u00e3o da necessidade de participar de campanhas sociais;<\/li>\n<li style=\"text-align: left;\">Transformar uma a\u00e7\u00e3o social em ferramenta de marketing que pulverize em todo o Pa\u00eds a imagem positiva de nosso cliente por meio da mensagem no verso do ingresso\/bobina para ECF, SAT Fiscal e NCF-e.<\/li>\n<\/ul>\n<p>[\/vc_column_text][\/vc_column_inner][vc_column_inner width=&#8221;1\/2&#8243;][vc_column_text]<\/p>\n<p style=\"text-align: left;\"><strong>Como participar?<\/strong><\/p>\n<p>&nbsp;<\/p>\n<p><span style=\"font-weight: 400;\">Os clientes que utilizam bobinas personalizadas Regispel dever\u00e3o autorizar sua ades\u00e3o \u00e0 Campanha. Assim toda bobina t\u00e9rmica para ECF reverter\u00e1 um percentual para a institui\u00e7\u00e3o.<\/span><\/p>\n<p><span style=\"font-weight: 400;\">\u00a0<\/span><\/p>\n<p style=\"text-align: left;\"><span style=\"font-weight: 400;\">*O cliente que aderir \u00e0 campanha colocar\u00e1 ao longo de sua bobina uma tarja da campanha.<\/span><span style=\"font-weight: 400;\"><br \/>\n<\/span><span style=\"font-weight: 400;\">**O cliente n\u00e3o ter\u00e1 custo algum com a ades\u00e3o.<\/span><\/p>\n<p>[\/vc_column_text][\/vc_column_inner][\/vc_row_inner][\/vc_column][\/vc_row][vc_row css_animation=&#8221;&#8221; row_type=&#8221;row&#8221; use_row_as_full_screen_section=&#8221;no&#8221; type=&#8221;full_width&#8221; angled_section=&#8221;no&#8221; text_align=&#8221;left&#8221; background_image_as_pattern=&#8221;without_pattern&#8221; el_class=&#8221;home_image_txt_over&#8221;][vc_column][qode_elements_holder number_of_columns=&#8221;three_columns&#8221;][qode_elements_holder_item advanced_animations=&#8221;no&#8221; item_padding=&#8221;0 0 0 0&#8243;]<div class=\"q_image_with_text_over q_iwto_hover\"><div class=\"shader\" ><\/div><div class=\"shader_hover\" style=\"background-color: rgba(255,255,255,0.85)\"><\/div><img decoding=\"async\" itemprop=\"image\" src=\"https:\/\/regispel.com\/wp-content\/uploads\/2022\/07\/acao-social-instituto-ayrton-10-anos.jpg\" alt=\"\" \/><div class=\"text\"><table><tr><td><h4 class=\"caption no_icon\" style=\"color: #2f2f30;\"><\/h4><\/td><\/tr><\/table><table><tr><td><div class=\"desc\"><\/p>\n<h3 style=\"text-align: center;\"><a href=\"https:\/\/regispel.com\/cupom-social\/\"><span style=\"color: #0094de;\">Instituto Ayrton Senna<\/span><\/a><\/h3>\n<p><\/div><\/td><\/tr><\/table><\/div><\/div>[\/qode_elements_holder_item][qode_elements_holder_item advanced_animations=&#8221;no&#8221; item_padding=&#8221;0 0 0 0&#8243;]<div class=\"q_image_with_text_over q_iwto_hover\"><div class=\"shader\" ><\/div><div class=\"shader_hover\" style=\"background-color: rgba(255,255,255,0.85)\"><\/div><img decoding=\"async\" itemprop=\"image\" src=\"https:\/\/regispel.com\/wp-content\/uploads\/2022\/07\/acao-social-guga-kuerten.jpg\" alt=\"\" \/><div class=\"text\"><table><tr><td><h4 class=\"caption no_icon\" style=\"color: #2f2f30;\"><\/h4><\/td><\/tr><\/table><table><tr><td><div class=\"desc\"><\/p>\n<h3 style=\"text-align: center;\"><a href=\"https:\/\/regispel.com\/cupom-campeao-instituto-guga-kuerten\/\"><span style=\"color: #0094de;\">Instituto Guga Kuerten<\/span><\/a><\/h3>\n<p><\/div><\/td><\/tr><\/table><\/div><\/div>[\/qode_elements_holder_item][qode_elements_holder_item advanced_animations=&#8221;no&#8221; item_padding=&#8221;0 0 0 0&#8243;]<div class=\"q_image_with_text_over q_iwto_hover\"><div class=\"shader\" ><\/div><div class=\"shader_hover\" style=\"background-color: rgba(255,255,255,0.85)\"><\/div><img decoding=\"async\" itemprop=\"image\" src=\"https:\/\/regispel.com\/wp-content\/uploads\/2022\/07\/acao-social-ici.jpg\" alt=\"\" \/><div class=\"text\"><table><tr><td><h4 class=\"caption no_icon\" style=\"color: #1e73be;\"><\/h4><\/td><\/tr><\/table><table><tr><td><div class=\"desc\"><\/p>\n<h3 style=\"text-align: center;\"><a href=\"https:\/\/regispel.com\/cupom-social-rs\/\"><span style=\"color: #0094de;\">Cupom Social RS<\/span><\/a><\/h3>\n<p><\/div><\/td><\/tr><\/table><\/div><\/div>[\/qode_elements_holder_item][\/qode_elements_holder][qode_elements_holder number_of_columns=&#8221;three_columns&#8221;][qode_elements_holder_item advanced_animations=&#8221;no&#8221; item_padding=&#8221;0 0 0 0&#8243;]<div class=\"q_image_with_text_over q_iwto_hover\"><div class=\"shader\" ><\/div><div class=\"shader_hover\" style=\"background-color: rgba(255,255,255,0.85)\"><\/div><img decoding=\"async\" itemprop=\"image\" src=\"https:\/\/regispel.com\/wp-content\/uploads\/2022\/07\/acao-social-pr.jpg\" alt=\"\" \/><div class=\"text\"><table><tr><td><h4 class=\"caption no_icon\" style=\"color: #1e73be;\"><\/h4><\/td><\/tr><\/table><table><tr><td><div class=\"desc\"><\/p>\n<h3 style=\"text-align: center;\"><a href=\"https:\/\/regispel.com\/cupom-social-pr\/\"><span style=\"color: #0094de;\">Cupom Social PR<\/span><\/a><\/h3>\n<p><\/div><\/td><\/tr><\/table><\/div><\/div>[\/qode_elements_holder_item][qode_elements_holder_item advanced_animations=&#8221;no&#8221; item_padding=&#8221;0 0 0 0&#8243;]<div class=\"q_image_with_text_over q_iwto_hover\"><div class=\"shader\" ><\/div><div class=\"shader_hover\" style=\"background-color: rgba(255,255,255,0.85)\"><\/div><img decoding=\"async\" itemprop=\"image\" src=\"https:\/\/regispel.com\/wp-content\/uploads\/2022\/07\/acao-social-Hospital-Baleia.jpg\" alt=\"\" \/><div class=\"text\"><table><tr><td><h4 class=\"caption no_icon\" style=\"color: #2f2f30;\"><\/h4><\/td><\/tr><\/table><table><tr><td><div class=\"desc\"><\/p>\n<h3 style=\"text-align: center;\"><a href=\"https:\/\/regispel.com\/cupom-social-hospital-baleia\/\"><span style=\"color: #0094de;\">Hospital Baleia<\/span><\/a><\/h3>\n<p><\/div><\/td><\/tr><\/table><\/div><\/div>[\/qode_elements_holder_item][qode_elements_holder_item advanced_animations=&#8221;no&#8221; item_padding=&#8221;0 0 0 0&#8243;]<div class=\"q_image_with_text_over q_iwto_hover\"><div class=\"shader\" ><\/div><div class=\"shader_hover\" style=\"background-color: rgba(255,255,255,0.85)\"><\/div><img decoding=\"async\" itemprop=\"image\" src=\"https:\/\/regispel.com\/wp-content\/uploads\/2022\/07\/acao-social-Instituto-Ronald-McDonald.jpg\" alt=\"\" \/><div class=\"text\"><table><tr><td><h4 class=\"caption no_icon\" style=\"color: #2f2f30;\"><\/h4><\/td><\/tr><\/table><table><tr><td><div class=\"desc\"><\/p>\n<h3 style=\"text-align: center;\"><a href=\"https:\/\/regispel.com\/instituto-ronald-mcdonald\/\"><span style=\"color: #0094de;\"> Instituto Ronald McDonald<br \/>\n<\/span><\/a><\/h3>\n<p><\/div><\/td><\/tr><\/table><\/div><\/div>[\/qode_elements_holder_item][qode_elements_holder_item advanced_animations=&#8221;no&#8221; item_padding=&#8221;0 0 0 0&#8243;][\/qode_elements_holder_item][\/qode_elements_holder][\/vc_column][\/vc_row][vc_row css_animation=&#8221;&#8221; row_type=&#8221;row&#8221; use_row_as_full_screen_section=&#8221;no&#8221; type=&#8221;full_width&#8221; angled_section=&#8221;no&#8221; text_align=&#8221;left&#8221; background_image_as_pattern=&#8221;without_pattern&#8221; el_class=&#8221;home_image_txt_over&#8221;][vc_column][qode_elements_holder number_of_columns=&#8221;four_columns&#8221;][qode_elements_holder_item vertical_alignment=&#8221;middle&#8221; horizontal_alignment=&#8221;center&#8221; advanced_animations=&#8221;no&#8221; item_padding=&#8221;0 0 0 0&#8243;]<div class=\"q_image_with_text_over q_iwto_hover\"><div class=\"shader\" ><\/div><div class=\"shader_hover\" style=\"background-color: rgba(255,255,255,0.85)\"><\/div><img decoding=\"async\" itemprop=\"image\" src=\"https:\/\/regispel.com\/wp-content\/uploads\/2022\/07\/acao-social-novo-ceu.jpg\" alt=\"\" \/><div class=\"text\"><table><tr><td><h4 class=\"caption no_icon\" style=\"color: #2f2f30;\"><\/h4><\/td><\/tr><\/table><table><tr><td><div class=\"desc\"><\/p>\n<h3 style=\"text-align: center;\"><a href=\"https:\/\/regispel.com\/cupom-social-novo-ceu\/\"><span style=\"color: #0094de;\">Novo C\u00e9u<\/span><\/a><\/h3>\n<p><\/div><\/td><\/tr><\/table><\/div><\/div>[\/qode_elements_holder_item][qode_elements_holder_item vertical_alignment=&#8221;middle&#8221; horizontal_alignment=&#8221;center&#8221; advanced_animations=&#8221;no&#8221; item_padding=&#8221;0 0 0 0&#8243;]<div class=\"q_image_with_text_over q_iwto_hover\"><div class=\"shader\" ><\/div><div class=\"shader_hover\" style=\"background-color: rgba(255,255,255,0.85)\"><\/div><img decoding=\"async\" itemprop=\"image\" src=\"https:\/\/regispel.com\/wp-content\/uploads\/2022\/07\/acao-social-Instituto-Jo-Clemente.jpg\" alt=\"\" \/><div class=\"text\"><table><tr><td><h4 class=\"caption no_icon\" style=\"color: #2f2f30;\"><\/h4><\/td><\/tr><\/table><table><tr><td><div class=\"desc\"><\/p>\n<h3 style=\"text-align: center;\"><a href=\"https:\/\/regispel.com\/cupom-social-instituto-jo-clemente\/\"><span style=\"color: #0094de;\">Instituto J\u00f4 Clemente<\/span><\/a><\/h3>\n<p><\/div><\/td><\/tr><\/table><\/div><\/div>[\/qode_elements_holder_item][qode_elements_holder_item vertical_alignment=&#8221;middle&#8221; horizontal_alignment=&#8221;center&#8221; advanced_animations=&#8221;no&#8221; item_padding=&#8221;0 0 0 0&#8243;]<div class=\"q_image_with_text_over q_iwto_hover\"><div class=\"shader\" ><\/div><div class=\"shader_hover\" style=\"background-color: rgba(255,255,255,0.85)\"><\/div><img decoding=\"async\" itemprop=\"image\" src=\"https:\/\/regispel.com\/wp-content\/uploads\/2022\/07\/aca-social-Instituto-Ce\u0301sar-Cielo.jpg\" alt=\"\" \/><div class=\"text\"><table><tr><td><h4 class=\"caption no_icon\" style=\"color: #2f2f30;\"><\/h4><\/td><\/tr><\/table><table><tr><td><div class=\"desc\"><\/p>\n<h3 style=\"text-align: center;\"><a href=\"https:\/\/regispel.com\/cupom-campeao-instituto-cesar-cielo\/\"><span style=\"color: #0094de;\">Instituto C\u00e9sar Cielo<\/span><\/a><\/h3>\n<p><\/div><\/td><\/tr><\/table><\/div><\/div>[\/qode_elements_holder_item][qode_elements_holder_item vertical_alignment=&#8221;middle&#8221; horizontal_alignment=&#8221;center&#8221; advanced_animations=&#8221;no&#8221; item_padding=&#8221;0 0 0 0&#8243;]<div class=\"q_image_with_text_over q_iwto_hover\"><div class=\"shader\" ><\/div><div class=\"shader_hover\" style=\"background-color: rgba(255,255,255,0.85)\"><\/div><img decoding=\"async\" itemprop=\"image\" src=\"https:\/\/regispel.com\/wp-content\/uploads\/2022\/07\/acao-social-tricolor.jpg\" alt=\"\" \/><div class=\"text\"><table><tr><td><h4 class=\"caption no_icon\" style=\"color: #2f2f30;\"><\/h4><\/td><\/tr><\/table><table><tr><td><div class=\"desc\"><\/p>\n<h3 style=\"text-align: center;\"><a href=\"https:\/\/regispel.com\/cupom-tricolor\/\"><span style=\"color: #0094de;\">Tricolor<\/span><\/a><\/h3>\n<p><\/div><\/td><\/tr><\/table><\/div><\/div>[\/qode_elements_holder_item][\/qode_elements_holder][\/vc_column][\/vc_row][vc_row css_animation=&#8221;element_from_fade&#8221; row_type=&#8221;row&#8221; use_row_as_full_screen_section=&#8221;no&#8221; type=&#8221;grid&#8221; angled_section=&#8221;no&#8221; text_align=&#8221;center&#8221; background_image_as_pattern=&#8221;without_pattern&#8221; background_color=&#8221;#f9f9f9&#8243; padding_top=&#8221;87&#8243; padding_bottom=&#8221;88&#8243; css=&#8221;.vc_custom_1658546003843{background-color: #1e73be !important;}&#8221; z_index=&#8221;&#8221;][vc_column width=&#8221;2\/3&#8243;][vc_column_text]<\/p>\n<h3 style=\"text-align: right;\"><strong><span style=\"color: #ffffff;\">Solicite agora mesmo seus r\u00f3tulos Regispel<\/span><\/strong><\/h3>\n<p>[\/vc_column_text][\/vc_column][vc_column css_animation=&#8221;none&#8221; width=&#8221;1\/3&#8243;]<a  itemprop=\"url\" href=\"https:\/\/regispel.com\/comprar\/\" target=\"_self\"  class=\"qbutton  large white default\" style=\"\">COMPRE J\u00c1<\/a>[\/vc_column][\/vc_row]<\/p>\n<\/div>","protected":false},"excerpt":{"rendered":"<p>[vc_row css_animation=&#8221;&#8221; row_type=&#8221;row&#8221; use_row_as_full_screen_section=&#8221;no&#8221; type=&#8221;grid&#8221; angled_section=&#8221;no&#8221; text_align=&#8221;center&#8221; background_image_as_pattern=&#8221;without_pattern&#8221; padding_top=&#8221;86&#8243; padding_bottom=&#8221;40&#8243; el_class=&#8221;custom-icon-styles&#8221;][vc_column][vc_row_inner row_type=&#8221;row&#8221; type=&#8221;full_width&#8221; text_align=&#8221;left&#8221; css_animation=&#8221;element_from_bottom&#8221; transition_delay=&#8221;150&#8243; padding_bottom=&#8221;75&#8243;][vc_column_inner][vc_column_text] Conhe\u00e7a as A\u00e7\u00f5es Solid\u00e1rias Regispel [\/vc_column_text][\/vc_column_inner][\/vc_row_inner][vc_row_inner row_type=&#8221;row&#8221; type=&#8221;full_width&#8221; text_align=&#8221;left&#8221; css_animation=&#8221;element_from_bottom&#8221; transition_delay=&#8221;150&#8243; padding_bottom=&#8221;75&#8243;][vc_column_inner width=&#8221;1\/2&#8243;][vc_column_text] Por que participar? &nbsp; prover uma fra\u00e7\u00e3o das necessidades das crian\u00e7as atendidas pelos projetos sociais;&#8230;<\/p>\n","protected":false},"author":1,"featured_media":0,"parent":0,"menu_order":0,"comment_status":"open","ping_status":"open","template":"full_width.php","meta":{"_monsterinsights_skip_tracking":false,"_monsterinsights_sitenote_active":false,"_monsterinsights_sitenote_note":"","_monsterinsights_sitenote_category":0,"footnotes":""},"class_list":["post-17045","page","type-page","status-publish","hentry"],"aioseo_notices":[],"_links":{"self":[{"href":"https:\/\/regispel.com\/en\/wp-json\/wp\/v2\/pages\/17045","targetHints":{"allow":["GET"]}}],"collection":[{"href":"https:\/\/regispel.com\/en\/wp-json\/wp\/v2\/pages"}],"about":[{"href":"https:\/\/regispel.com\/en\/wp-json\/wp\/v2\/types\/page"}],"author":[{"embeddable":true,"href":"https:\/\/regispel.com\/en\/wp-json\/wp\/v2\/users\/1"}],"replies":[{"embeddable":true,"href":"https:\/\/regispel.com\/en\/wp-json\/wp\/v2\/comments?post=17045"}],"version-history":[{"count":0,"href":"https:\/\/regispel.com\/en\/wp-json\/wp\/v2\/pages\/17045\/revisions"}],"wp:attachment":[{"href":"https:\/\/regispel.com\/en\/wp-json\/wp\/v2\/media?parent=17045"}],"curies":[{"name":"wp","href":"https:\/\/api.w.org\/{rel}","templated":true}]}}