{"id":17091,"date":"2022-07-15T12:56:00","date_gmt":"2022-07-15T15:56:00","guid":{"rendered":"https:\/\/regispel.com\/?page_id=17091"},"modified":"2024-06-04T12:44:04","modified_gmt":"2024-06-04T15:44:04","slug":"codigo-de-etica","status":"publish","type":"page","link":"https:\/\/regispel.com\/en\/codigo-de-etica\/","title":{"rendered":"C\u00f3digo de \u00c9tica"},"content":{"rendered":"<div class=\"wpb-content-wrapper\"><p>[vc_row css_animation=&#8221;&#8221; row_type=&#8221;row&#8221; use_row_as_full_screen_section=&#8221;no&#8221; type=&#8221;grid&#8221; angled_section=&#8221;no&#8221; text_align=&#8221;left&#8221; background_image_as_pattern=&#8221;without_pattern&#8221; padding_top=&#8221;85&#8243; padding_bottom=&#8221;47&#8243;][vc_column][vc_single_image image=&#8221;16219&#8243; img_size=&#8221;full&#8221; alignment=&#8221;center&#8221; qode_css_animation=&#8221;&#8221;][\/vc_column][\/vc_row][vc_row css_animation=&#8221;&#8221; row_type=&#8221;row&#8221; use_row_as_full_screen_section=&#8221;no&#8221; type=&#8221;grid&#8221; angled_section=&#8221;no&#8221; text_align=&#8221;left&#8221; background_image_as_pattern=&#8221;without_pattern&#8221; padding_top=&#8221;85&#8243; padding_bottom=&#8221;47&#8243; css=&#8221;.vc_custom_1658521935402{margin-top: -50px !important;}&#8221; z_index=&#8221;&#8221;][vc_column][vc_column_text]A Regispel acredita que aqueles que s\u00e3o orientados por princ\u00edpios e valores, com claro entendimento sobre a miss\u00e3o empresarial e organizados pelo esfor\u00e7o comum podem atuar como transformadores da realidade \u00e0 sua volta e realizarem-se pessoal e profissionalmente.<\/p>\n<p>&nbsp;<\/p>\n<p>Para tornar isso poss\u00edvel, a Regispel cultiva rela\u00e7\u00f5es \u00e9ticas, verdadeiras e transparentes com todos os p\u00fablicos em contato com a Empresa e que contribuem para a realiza\u00e7\u00e3o da sua miss\u00e3o.<\/p>\n<p>&nbsp;<\/p>\n<p>Visando aprimorar e facilitar este processo, a Regispel resolveu elaborar um C\u00f3digo de \u00c9tica e Conduta, que resume suas cren\u00e7as, valores, princ\u00edpios e compromissos a serem praticados no dia a dia, por todos os seus colaboradores.<\/p>\n<p>&nbsp;<\/p>\n<p><a href=\"http:\/\/regispel.com\/wp-content\/uploads\/2024\/06\/Codigo-de-Etica_rev.03_digital.pdf\" target=\"_blank\" rel=\"noopener\">Clique no PDF e fa\u00e7a o download do C\u00f3digo de \u00c9tica<\/a>[\/vc_column_text][\/vc_column][\/vc_row][vc_row css_animation=&#8221;element_from_fade&#8221; row_type=&#8221;row&#8221; use_row_as_full_screen_section=&#8221;no&#8221; type=&#8221;grid&#8221; angled_section=&#8221;no&#8221; text_align=&#8221;center&#8221; background_image_as_pattern=&#8221;without_pattern&#8221; background_color=&#8221;#f9f9f9&#8243; padding_top=&#8221;87&#8243; padding_bottom=&#8221;88&#8243; transition_delay=&#8221;150&#8243; css=&#8221;.vc_custom_1655506308318{background-color: #1e73be !important;}&#8221; z_index=&#8221;&#8221;][vc_column width=&#8221;2\/3&#8243;][vc_column_text]<\/p>\n<h3 style=\"text-align: right;\"><strong><span style=\"color: #ffffff;\">Solicite agora mesmo suas bobinas Regispel<\/span><\/strong><\/h3>\n<p>[\/vc_column_text][\/vc_column][vc_column css_animation=&#8221;none&#8221; width=&#8221;1\/3&#8243;]<a  itemprop=\"url\" href=\"https:\/\/regispel.com\/comprar\/\" target=\"_self\"  class=\"qbutton  large white default\" style=\"\">COMPRE J\u00c1<\/a>[\/vc_column][\/vc_row]<\/p>\n<\/div>","protected":false},"excerpt":{"rendered":"<p>[vc_row css_animation=&#8221;&#8221; row_type=&#8221;row&#8221; use_row_as_full_screen_section=&#8221;no&#8221; type=&#8221;grid&#8221; angled_section=&#8221;no&#8221; text_align=&#8221;left&#8221; background_image_as_pattern=&#8221;without_pattern&#8221; padding_top=&#8221;85&#8243; padding_bottom=&#8221;47&#8243;][vc_column][vc_single_image image=&#8221;16219&#8243; img_size=&#8221;full&#8221; alignment=&#8221;center&#8221; qode_css_animation=&#8221;&#8221;][\/vc_column][\/vc_row][vc_row css_animation=&#8221;&#8221; row_type=&#8221;row&#8221; use_row_as_full_screen_section=&#8221;no&#8221; type=&#8221;grid&#8221; angled_section=&#8221;no&#8221; text_align=&#8221;left&#8221; background_image_as_pattern=&#8221;without_pattern&#8221; padding_top=&#8221;85&#8243; padding_bottom=&#8221;47&#8243; css=&#8221;.vc_custom_1658521935402{margin-top: -50px !important;}&#8221; z_index=&#8221;&#8221;][vc_column][vc_column_text]A Regispel acredita que aqueles que s\u00e3o orientados por princ\u00edpios e valores, com claro entendimento sobre a miss\u00e3o empresarial&#8230;<\/p>\n","protected":false},"author":1,"featured_media":16817,"parent":0,"menu_order":0,"comment_status":"open","ping_status":"closed","template":"full_width.php","meta":{"_monsterinsights_skip_tracking":false,"_monsterinsights_sitenote_active":false,"_monsterinsights_sitenote_note":"","_monsterinsights_sitenote_category":0,"footnotes":""},"class_list":["post-17091","page","type-page","status-publish","has-post-thumbnail","hentry"],"aioseo_notices":[],"_links":{"self":[{"href":"https:\/\/regispel.com\/en\/wp-json\/wp\/v2\/pages\/17091","targetHints":{"allow":["GET"]}}],"collection":[{"href":"https:\/\/regispel.com\/en\/wp-json\/wp\/v2\/pages"}],"about":[{"href":"https:\/\/regispel.com\/en\/wp-json\/wp\/v2\/types\/page"}],"author":[{"embeddable":true,"href":"https:\/\/regispel.com\/en\/wp-json\/wp\/v2\/users\/1"}],"replies":[{"embeddable":true,"href":"https:\/\/regispel.com\/en\/wp-json\/wp\/v2\/comments?post=17091"}],"version-history":[{"count":4,"href":"https:\/\/regispel.com\/en\/wp-json\/wp\/v2\/pages\/17091\/revisions"}],"predecessor-version":[{"id":20968,"href":"https:\/\/regispel.com\/en\/wp-json\/wp\/v2\/pages\/17091\/revisions\/20968"}],"wp:featuredmedia":[{"embeddable":true,"href":"https:\/\/regispel.com\/en\/wp-json\/wp\/v2\/media\/16817"}],"wp:attachment":[{"href":"https:\/\/regispel.com\/en\/wp-json\/wp\/v2\/media?parent=17091"}],"curies":[{"name":"wp","href":"https:\/\/api.w.org\/{rel}","templated":true}]}}