{"id":16996,"date":"2022-07-15T17:53:12","date_gmt":"2022-07-15T20:53:12","guid":{"rendered":"https:\/\/regispel.com\/cupom-tricolor\/"},"modified":"2022-07-15T17:53:12","modified_gmt":"2022-07-15T20:53:12","slug":"cupom-tricolor","status":"publish","type":"page","link":"https:\/\/regispel.com\/es\/cupom-tricolor\/","title":{"rendered":"Cupom Tricolor"},"content":{"rendered":"<div class=\"wpb-content-wrapper\"><p>[vc_row css_animation=\u00bb\u00bb row_type=\u00bbrow\u00bb use_row_as_full_screen_section=\u00bbno\u00bb type=\u00bbgrid\u00bb angled_section=\u00bbno\u00bb text_align=\u00bbleft\u00bb background_image_as_pattern=\u00bbwithout_pattern\u00bb padding_top=\u00bb85&#8243; padding_bottom=\u00bb47&#8243;][vc_column width=\u00bb1\/2&#8243;][vc_column_text]<img loading=\"lazy\" decoding=\"async\" class=\"wp-image-16167 size-full aligncenter\" src=\"http:\/\/regispel.com\/wp-content\/uploads\/2022\/07\/acao-social-tricolor.jpg\" alt=\"\" width=\"750\" height=\"486\" srcset=\"https:\/\/regispel.com\/wp-content\/uploads\/2022\/07\/acao-social-tricolor.jpg 750w, https:\/\/regispel.com\/wp-content\/uploads\/2022\/07\/acao-social-tricolor-300x194.jpg 300w, https:\/\/regispel.com\/wp-content\/uploads\/2022\/07\/acao-social-tricolor-400x260.jpg 400w, https:\/\/regispel.com\/wp-content\/uploads\/2022\/07\/acao-social-tricolor-700x454.jpg 700w\" sizes=\"auto, (max-width: 750px) 100vw, 750px\" \/><\/p>\n<p>&nbsp;<\/p>\n<p>Quem compra bobinas Regispel\u00a0 contribui com a Educa\u00e7\u00e3o do IGT<\/p>\n<p>&nbsp;<\/p>\n<p>A partir de agora, todo cupom fiscal que voc\u00ea receber nas compras na Gr\u00eamio Mania colaborar\u00e1 com os programas sociais do Instituto Gera\u00e7\u00e3o Tricolor.<\/p>\n<p>&nbsp;<\/p>\n<p>Esta novidade estar\u00e1 impressa no verso do cupom fiscal, fazendo com que voc\u00ea possa participar e divulgar as a\u00e7\u00f5es de nosso instituto que atende mais de 300 crian\u00e7as.<\/p>\n<p>&nbsp;<\/p>\n<p>Cupom Tricolor agora vale muito mais: vale cultura, cidadania, sustentabilidade<br \/>\ne educa\u00e7\u00e3o.[\/vc_column_text][\/vc_column][vc_column width=\u00bb1\/2&#8243;][vc_column_text]<\/p>\n<h4><strong>Sobre o Instituto Gera\u00e7\u00e3o Tricolor<\/strong><\/h4>\n<p>&nbsp;<\/p>\n<p>O IGT \u00e9 uma institui\u00e7\u00e3o educativa que visa garantir o direito \u00e0 inf\u00e2ncia e \u00e0 adolesc\u00eancia, ele promove e apoia projetos sociais voltados ao desenvolvimento de crian\u00e7as e adolescentes, entre 6 e 14 anos, em situa\u00e7\u00e3o de vulnerabilidade social e econ\u00f4mica.<\/p>\n<p>&nbsp;<\/p>\n<p>Atualmente atende em dois turnos, no per\u00edodo inverso \u00e0 escola, por estagi\u00e1rios da Pedagogia e da Educa\u00e7\u00e3o F\u00edsica. As atividades s\u00e3o desenvolvidas em oficinas l\u00fadico-pedag\u00f3gicas e esportivas, visando \u00e0 integra\u00e7\u00e3o social e a constru\u00e7\u00e3o da cidadania.<\/p>\n<p>&nbsp;<\/p>\n<p>Se voc\u00ea quer saber mais sobre o Instituto Gera\u00e7\u00e3o Tricolor ou deseja ser volunt\u00e1rio, entre em contato pelo telefone (51) 3218.2095 e\/ou e-mail: <a href=\"mailto:igt@gremio.net\">igt@gremio.net<\/a><\/p>\n<p>&nbsp;<\/p>\n<p>&nbsp;<\/p>\n<p><img loading=\"lazy\" decoding=\"async\" class=\"size-full wp-image-16174 aligncenter\" src=\"http:\/\/regispel.com\/wp-content\/uploads\/2022\/07\/cupom-tricolor-300x150-1.png\" alt=\"\" width=\"300\" height=\"150\" \/>[\/vc_column_text][\/vc_column][\/vc_row][vc_row css_animation=\u00bbelement_from_fade\u00bb row_type=\u00bbrow\u00bb use_row_as_full_screen_section=\u00bbno\u00bb type=\u00bbgrid\u00bb angled_section=\u00bbno\u00bb text_align=\u00bbcenter\u00bb background_image_as_pattern=\u00bbwithout_pattern\u00bb background_color=\u00bb#f9f9f9&#8243; padding_top=\u00bb87&#8243; padding_bottom=\u00bb88&#8243; transition_delay=\u00bb150&#8243; css=\u00bb.vc_custom_1655506308318{background-color: #1e73be !important;}\u00bb z_index=\u00bb\u00bb][vc_column width=\u00bb2\/3&#8243;][vc_column_text]<\/p>\n<h3 style=\"text-align: right;\"><strong><span style=\"color: #ffffff;\">Solicite agora mesmo suas bobinas Regispel<\/span><\/strong><\/h3>\n<p>[\/vc_column_text][\/vc_column][vc_column css_animation=\u00bbnone\u00bb width=\u00bb1\/3&#8243;]<a  itemprop=\"url\" href=\"https:\/\/regispel.com\/comprar\/\" target=\"_self\"  class=\"qbutton  large white default\" style=\"\">COMPRE J\u00c1<\/a>[\/vc_column][\/vc_row]<\/p>\n<\/div>","protected":false},"excerpt":{"rendered":"<p>[vc_row css_animation=\u00bb\u00bb row_type=\u00bbrow\u00bb use_row_as_full_screen_section=\u00bbno\u00bb type=\u00bbgrid\u00bb angled_section=\u00bbno\u00bb text_align=\u00bbleft\u00bb background_image_as_pattern=\u00bbwithout_pattern\u00bb padding_top=\u00bb85&#8243; padding_bottom=\u00bb47&#8243;][vc_column width=\u00bb1\/2&#8243;][vc_column_text] &nbsp; Quem compra bobinas Regispel\u00a0 contribui com a Educa\u00e7\u00e3o do IGT &nbsp; A partir de agora, todo cupom fiscal que voc\u00ea receber nas compras na Gr\u00eamio Mania colaborar\u00e1 com os programas sociais do Instituto&#8230;<\/p>\n","protected":false},"author":1,"featured_media":0,"parent":0,"menu_order":0,"comment_status":"open","ping_status":"closed","template":"full_width.php","meta":{"_monsterinsights_skip_tracking":false,"_monsterinsights_sitenote_active":false,"_monsterinsights_sitenote_note":"","_monsterinsights_sitenote_category":0,"footnotes":""},"class_list":["post-16996","page","type-page","status-publish","hentry"],"aioseo_notices":[],"_links":{"self":[{"href":"https:\/\/regispel.com\/es\/wp-json\/wp\/v2\/pages\/16996","targetHints":{"allow":["GET"]}}],"collection":[{"href":"https:\/\/regispel.com\/es\/wp-json\/wp\/v2\/pages"}],"about":[{"href":"https:\/\/regispel.com\/es\/wp-json\/wp\/v2\/types\/page"}],"author":[{"embeddable":true,"href":"https:\/\/regispel.com\/es\/wp-json\/wp\/v2\/users\/1"}],"replies":[{"embeddable":true,"href":"https:\/\/regispel.com\/es\/wp-json\/wp\/v2\/comments?post=16996"}],"version-history":[{"count":0,"href":"https:\/\/regispel.com\/es\/wp-json\/wp\/v2\/pages\/16996\/revisions"}],"wp:attachment":[{"href":"https:\/\/regispel.com\/es\/wp-json\/wp\/v2\/media?parent=16996"}],"curies":[{"name":"wp","href":"https:\/\/api.w.org\/{rel}","templated":true}]}}