{"id":17006,"date":"2022-07-15T17:17:26","date_gmt":"2022-07-15T20:17:26","guid":{"rendered":"https:\/\/regispel.com\/cupom-social-hospital-da-baleia\/"},"modified":"2022-07-15T17:17:26","modified_gmt":"2022-07-15T20:17:26","slug":"cupom-social-hospital-da-baleia","status":"publish","type":"page","link":"https:\/\/regispel.com\/es\/cupom-social-hospital-da-baleia\/","title":{"rendered":"Cupom Social &#8211; Hospital da Baleia"},"content":{"rendered":"<div class=\"wpb-content-wrapper\"><p>[vc_row css_animation=\u00bb\u00bb row_type=\u00bbrow\u00bb use_row_as_full_screen_section=\u00bbno\u00bb type=\u00bbgrid\u00bb angled_section=\u00bbno\u00bb text_align=\u00bbleft\u00bb background_image_as_pattern=\u00bbwithout_pattern\u00bb padding_top=\u00bb85&#8243; padding_bottom=\u00bb47&#8243;][vc_column width=\u00bb1\/2&#8243;][vc_column_text]<img loading=\"lazy\" decoding=\"async\" class=\"aligncenter wp-image-16109 size-full\" src=\"http:\/\/regispel.com\/wp-content\/uploads\/2022\/07\/1.0-Cupom-Social-Baleia.jpg\" alt=\"\" width=\"1000\" height=\"562\" srcset=\"https:\/\/regispel.com\/wp-content\/uploads\/2022\/07\/1.0-Cupom-Social-Baleia.jpg 1000w, https:\/\/regispel.com\/wp-content\/uploads\/2022\/07\/1.0-Cupom-Social-Baleia-300x169.jpg 300w, https:\/\/regispel.com\/wp-content\/uploads\/2022\/07\/1.0-Cupom-Social-Baleia-768x432.jpg 768w, https:\/\/regispel.com\/wp-content\/uploads\/2022\/07\/1.0-Cupom-Social-Baleia-700x393.jpg 700w, https:\/\/regispel.com\/wp-content\/uploads\/2022\/07\/1.0-Cupom-Social-Baleia-539x303.jpg 539w\" sizes=\"auto, (max-width: 1000px) 100vw, 1000px\" \/><\/p>\n<p>&nbsp;<\/p>\n<p>Quem compra bobinas Regispel contribui com o desenvolvimento de crian\u00e7as e adolescentes atendidas pelo Hospital da Baleia.<\/p>\n<p>&nbsp;<\/p>\n<p>A partir de agora, as bobinas t\u00e9rmicas que a Regispel Comercializar no estado de Minas Gerais ter\u00e1 um percentual do seu valor revertido para o Hospital da Baleia\u00a0atrav\u00e9s do projeto Cupom Social Hospital Baleia.<\/p>\n<p>&nbsp;<\/p>\n<p>Esta informa\u00e7\u00e3o estar\u00e1 no verso do cupom de suas bobinas. Assim, seus clientes saber\u00e3o que voc\u00ea e sua empresa abra\u00e7am essa importante causa.<\/p>\n<p>&nbsp;<\/p>\n<p><strong>AGORA, MAIS DO QUE NUNCA, O BALEIA PRECISA DE VOC\u00ca!<\/strong><br \/>\nPara continuar salvando vidas, o Hospital precisa de seu apoio.<\/p>\n<p>&nbsp;<\/p>\n<p>Regispel, a qualidade de 40 anos que voc\u00ea j\u00e1 conhece e aprova ajudando na melhoria da qualidade de vida de milhares de pacientes atendidos.<\/p>\n<p>[\/vc_column_text][vc_empty_space height=\u00bb30&#8243;][vc_video link=\u00bbhttps:\/\/www.youtube.com\/watch?v=cSz5hUue4u0&#8243;][\/vc_column][vc_column width=\u00bb1\/2&#8243;][vc_column_text]<\/p>\n<h4><strong>Sobre o Hospital da Baleia<\/strong><\/h4>\n<p>&nbsp;<\/p>\n<p><img loading=\"lazy\" decoding=\"async\" class=\"alignleft wp-image-16111 \" src=\"http:\/\/regispel.com\/wp-content\/uploads\/2022\/07\/1.7-Logo-Baleia-1-e1658543842128-252x300.jpg\" alt=\"\" width=\"176\" height=\"209\" srcset=\"https:\/\/regispel.com\/wp-content\/uploads\/2022\/07\/1.7-Logo-Baleia-1-e1658543842128-252x300.jpg 252w, https:\/\/regispel.com\/wp-content\/uploads\/2022\/07\/1.7-Logo-Baleia-1-e1658543842128.jpg 657w\" sizes=\"auto, (max-width: 176px) 100vw, 176px\" \/><\/p>\n<p>Desde 1944 o Hospital da Baleia, vem desenvolvendo um importante trabalho na \u00e1rea da sa\u00fade e tamb\u00e9m social. Somos uma das maiores institui\u00e7\u00f5es filantr\u00f3picas do Estado e nosso foco \u00e9 atender \u00e0 popula\u00e7\u00e3o de baixa renda e pacientes de alta complexidade, referenciados pelo SUS.<\/p>\n<p>&nbsp;<\/p>\n<p>O Hospital oferta 27 especialidades, com destaque para Ortopedia, Oncologia, Cirurgia Geral, Nefrologia, fissuras labiopalatais e deformidades craniofaciais. Ao longo do ano s\u00e3o realizados cerca de meio milh\u00e3o de procedimentos.<\/p>\n<p>&nbsp;<\/p>\n<p>A atua\u00e7\u00e3o do Hospital Baleia representa um diferencial para a sa\u00fade de Minas Gerais. A longevidade, a abrang\u00eancia, a transpar\u00eancia de sua governan\u00e7a sobre os recursos e os resultados do trabalho realizado o colocam em posi\u00e7\u00e3o de destaque.<\/p>\n<p>&nbsp;<\/p>\n<p>Conhe\u00e7a mais sobre hospital em: <a href=\"https:\/\/hospitaldabaleia.org.br\" target=\"_blank\" rel=\"noopener\">https:\/\/hospitaldabaleia.org.br<\/a><\/p>\n<p>&nbsp;<\/p>\n<p>&nbsp;<\/p>\n<p>&nbsp;<\/p>\n<p><img loading=\"lazy\" decoding=\"async\" class=\"size-medium wp-image-16112 aligncenter\" src=\"http:\/\/regispel.com\/wp-content\/uploads\/2022\/07\/1.7-logo-cupom-social-Baleia-1-300x155.jpg\" alt=\"\" width=\"300\" height=\"155\" srcset=\"https:\/\/regispel.com\/wp-content\/uploads\/2022\/07\/1.7-logo-cupom-social-Baleia-1-300x155.jpg 300w, https:\/\/regispel.com\/wp-content\/uploads\/2022\/07\/1.7-logo-cupom-social-Baleia-1-1024x528.jpg 1024w, https:\/\/regispel.com\/wp-content\/uploads\/2022\/07\/1.7-logo-cupom-social-Baleia-1-768x396.jpg 768w, https:\/\/regispel.com\/wp-content\/uploads\/2022\/07\/1.7-logo-cupom-social-Baleia-1-700x361.jpg 700w, https:\/\/regispel.com\/wp-content\/uploads\/2022\/07\/1.7-logo-cupom-social-Baleia-1.jpg 1032w\" sizes=\"auto, (max-width: 300px) 100vw, 300px\" \/>[\/vc_column_text][\/vc_column][\/vc_row][vc_row css_animation=\u00bbelement_from_fade\u00bb row_type=\u00bbrow\u00bb use_row_as_full_screen_section=\u00bbno\u00bb type=\u00bbgrid\u00bb angled_section=\u00bbno\u00bb text_align=\u00bbcenter\u00bb background_image_as_pattern=\u00bbwithout_pattern\u00bb background_color=\u00bb#f9f9f9&#8243; padding_top=\u00bb87&#8243; padding_bottom=\u00bb88&#8243; transition_delay=\u00bb150&#8243; css=\u00bb.vc_custom_1655506308318{background-color: #1e73be !important;}\u00bb z_index=\u00bb\u00bb][vc_column width=\u00bb2\/3&#8243;][vc_column_text]<\/p>\n<h3 style=\"text-align: right;\"><strong><span style=\"color: #ffffff;\">Solicite agora mesmo suas bobinas Regispel<\/span><\/strong><\/h3>\n<p>[\/vc_column_text][\/vc_column][vc_column css_animation=\u00bbnone\u00bb width=\u00bb1\/3&#8243;]<a  itemprop=\"url\" href=\"https:\/\/regispel.com\/comprar\/\" target=\"_self\"  class=\"qbutton  large white default\" style=\"\">COMPRE J\u00c1<\/a>[\/vc_column][\/vc_row]<\/p>\n<\/div>","protected":false},"excerpt":{"rendered":"<p>[vc_row css_animation=\u00bb\u00bb row_type=\u00bbrow\u00bb use_row_as_full_screen_section=\u00bbno\u00bb type=\u00bbgrid\u00bb angled_section=\u00bbno\u00bb text_align=\u00bbleft\u00bb background_image_as_pattern=\u00bbwithout_pattern\u00bb padding_top=\u00bb85&#8243; padding_bottom=\u00bb47&#8243;][vc_column width=\u00bb1\/2&#8243;][vc_column_text] &nbsp; Quem compra bobinas Regispel contribui com o desenvolvimento de crian\u00e7as e adolescentes atendidas pelo Hospital da Baleia. &nbsp; A partir de agora, as bobinas t\u00e9rmicas que a Regispel Comercializar no estado de Minas&#8230;<\/p>\n","protected":false},"author":1,"featured_media":16856,"parent":0,"menu_order":0,"comment_status":"open","ping_status":"closed","template":"full_width.php","meta":{"_monsterinsights_skip_tracking":false,"_monsterinsights_sitenote_active":false,"_monsterinsights_sitenote_note":"","_monsterinsights_sitenote_category":0,"footnotes":""},"class_list":["post-17006","page","type-page","status-publish","has-post-thumbnail","hentry"],"aioseo_notices":[],"_links":{"self":[{"href":"https:\/\/regispel.com\/es\/wp-json\/wp\/v2\/pages\/17006","targetHints":{"allow":["GET"]}}],"collection":[{"href":"https:\/\/regispel.com\/es\/wp-json\/wp\/v2\/pages"}],"about":[{"href":"https:\/\/regispel.com\/es\/wp-json\/wp\/v2\/types\/page"}],"author":[{"embeddable":true,"href":"https:\/\/regispel.com\/es\/wp-json\/wp\/v2\/users\/1"}],"replies":[{"embeddable":true,"href":"https:\/\/regispel.com\/es\/wp-json\/wp\/v2\/comments?post=17006"}],"version-history":[{"count":0,"href":"https:\/\/regispel.com\/es\/wp-json\/wp\/v2\/pages\/17006\/revisions"}],"wp:featuredmedia":[{"embeddable":true,"href":"https:\/\/regispel.com\/es\/wp-json\/wp\/v2\/media\/16856"}],"wp:attachment":[{"href":"https:\/\/regispel.com\/es\/wp-json\/wp\/v2\/media?parent=17006"}],"curies":[{"name":"wp","href":"https:\/\/api.w.org\/{rel}","templated":true}]}}