{"id":17020,"date":"2022-07-15T14:27:33","date_gmt":"2022-07-15T17:27:33","guid":{"rendered":"https:\/\/regispel.com\/cupom-solidario-instituto-ayrton-senna\/"},"modified":"2022-07-15T14:27:33","modified_gmt":"2022-07-15T17:27:33","slug":"cupom-solidario-instituto-ayrton-senna","status":"publish","type":"page","link":"https:\/\/regispel.com\/es\/cupom-solidario-instituto-ayrton-senna\/","title":{"rendered":"Cupom Solid\u00e1rio &#8211; Instituto Ayrton Senna"},"content":{"rendered":"<div class=\"wpb-content-wrapper\"><p>[vc_row css_animation=\u00bb\u00bb row_type=\u00bbrow\u00bb use_row_as_full_screen_section=\u00bbno\u00bb type=\u00bbgrid\u00bb angled_section=\u00bbno\u00bb text_align=\u00bbleft\u00bb background_image_as_pattern=\u00bbwithout_pattern\u00bb padding_top=\u00bb85&#8243; padding_bottom=\u00bb47&#8243;][vc_column width=\u00bb1\/2&#8243;][vc_column_text]<img loading=\"lazy\" decoding=\"async\" class=\"aligncenter wp-image-16200 size-full\" src=\"http:\/\/regispel.com\/wp-content\/uploads\/2022\/07\/1.0-Cupom-Solida\u0301rio.jpg\" alt=\"\" width=\"607\" height=\"607\" srcset=\"https:\/\/regispel.com\/wp-content\/uploads\/2022\/07\/1.0-Cupom-Solida\u0301rio.jpg 607w, https:\/\/regispel.com\/wp-content\/uploads\/2022\/07\/1.0-Cupom-Solida\u0301rio-300x300.jpg 300w, https:\/\/regispel.com\/wp-content\/uploads\/2022\/07\/1.0-Cupom-Solida\u0301rio-150x150.jpg 150w, https:\/\/regispel.com\/wp-content\/uploads\/2022\/07\/1.0-Cupom-Solida\u0301rio-570x570.jpg 570w, https:\/\/regispel.com\/wp-content\/uploads\/2022\/07\/1.0-Cupom-Solida\u0301rio-500x500.jpg 500w\" sizes=\"auto, (max-width: 607px) 100vw, 607px\" \/><\/p>\n<p>&nbsp;<\/p>\n<p>As bobinas t\u00e9rmicas para ECF, SAT Fiscal e NFC-e comercializadas pela Regispel t\u00eam parte de seu valor revertida para os programas educacionais do Instituto Ayrton Senna.<\/p>\n<p>&nbsp;<\/p>\n<p>Com esse projeto, a Regispel possibilita o desenvolvimento de milhares de crian\u00e7as e jovens em todo o Pa\u00eds, oferecendo-lhes melhores condi\u00e7\u00f5es de aprendizado e prepara\u00e7\u00e3o para os desafios que encontrar\u00e3o ao longo da vida.<\/p>\n<p>&nbsp;<\/p>\n<p>Cupom Fiscal agora vale muito mais: vale cultura, cidadania, sustentabilidade e educa\u00e7\u00e3o.[\/vc_column_text][vc_empty_space height=\u00bb67&#8243;][vc_video link=\u00bbhttps:\/\/www.youtube.com\/watch?v=Xgee5leHDt8&#8243;][\/vc_column][vc_column width=\u00bb1\/2&#8243;][vc_column_text]<\/p>\n<h4><strong>Sobre o Instituto Ayrton Senna<\/strong><\/h4>\n<p>&nbsp;<\/p>\n<p><img loading=\"lazy\" decoding=\"async\" class=\"wp-image-16062 alignleft\" src=\"http:\/\/regispel.com\/wp-content\/uploads\/2022\/07\/instituto-ayrton-senna-acao-social-regispel-e1657906147696.png\" alt=\"\" width=\"187\" height=\"165\" srcset=\"https:\/\/regispel.com\/wp-content\/uploads\/2022\/07\/instituto-ayrton-senna-acao-social-regispel-e1657906147696.png 328w, https:\/\/regispel.com\/wp-content\/uploads\/2022\/07\/instituto-ayrton-senna-acao-social-regispel-e1657906147696-300x265.png 300w\" sizes=\"auto, (max-width: 187px) 100vw, 187px\" \/><\/p>\n<p>O Instituto Ayrton Senna \u00e9 a concretiza\u00e7\u00e3o do sonho do tricampe\u00e3o de F\u00f3rmula 1 de oferecer \u00e0s novas gera\u00e7\u00f5es de brasileiros as oportunidades necess\u00e1rias para que desenvolvam seus potenciais e sejam campe\u00f5es na escola e na vida.<\/p>\n<p>&nbsp;<\/p>\n<p>O trabalho do Instituto est\u00e1 focado na educa\u00e7\u00e3o como via para o desenvolvimento humano. Isto porque a educa\u00e7\u00e3o \u00e9 o caminho mais eficaz para transformar o potencial de cada um em compet\u00eancias e habilidades que garantam sua participa\u00e7\u00e3o ativa na sociedade.<\/p>\n<p>&nbsp;<\/p>\n<p>Atuando desde 1994, e beneficiando cerca de 2 milh\u00f5es de crian\u00e7as e jovens a cada ano, o Instituto desenvolve solu\u00e7\u00f5es para combater os males da educa\u00e7\u00e3o p\u00fablica, que impedem milh\u00f5es de alunos de seguirem com sucesso seus estudos. Seus programas educacionais colaboram para reduzir o analfabetismo, a reprova\u00e7\u00e3o e o abandono escolar, provocando uma mudan\u00e7a positiva no aprendizado do aluno e na gest\u00e3o das redes de ensino.<\/p>\n<p>&nbsp;<\/p>\n<p>Pela produ\u00e7\u00e3o e dissemina\u00e7\u00e3o de conhecimentos e tecnologias sociais em desenvolvimento humano, o Instituto integra, desde 2004, a rede de C\u00e1tedras UNESCO no mundo, e colabora diretamente para que o Brasil possa atingir as metas propostas pela ONU para prover educa\u00e7\u00e3o b\u00e1sica de qualidade a todas as crian\u00e7as e a todos os jovens at\u00e9 2015.<\/p>\n<p>&nbsp;<\/p>\n<p><strong>Colabore voc\u00ea tamb\u00e9m com o trabalho do Instituto Ayrton Senna.<\/strong><\/p>\n<p>&nbsp;<\/p>\n<p>Fa\u00e7a sua doa\u00e7\u00e3o no\u00a0<a href=\"https:\/\/www.ias.org.br\/\">www.ias.org.br.<\/a><\/p>\n<p>&nbsp;<\/p>\n<p>&nbsp;<\/p>\n<p>&nbsp;<\/p>\n<p>&nbsp;<\/p>\n<p><img loading=\"lazy\" decoding=\"async\" class=\"size-medium wp-image-16377 aligncenter\" src=\"http:\/\/regispel.com\/wp-content\/uploads\/2022\/07\/logo-cupom-solidario-300x129.jpg\" alt=\"\" width=\"300\" height=\"129\" srcset=\"https:\/\/regispel.com\/wp-content\/uploads\/2022\/07\/logo-cupom-solidario-300x129.jpg 300w, https:\/\/regispel.com\/wp-content\/uploads\/2022\/07\/logo-cupom-solidario-1024x441.jpg 1024w, https:\/\/regispel.com\/wp-content\/uploads\/2022\/07\/logo-cupom-solidario-768x331.jpg 768w, https:\/\/regispel.com\/wp-content\/uploads\/2022\/07\/logo-cupom-solidario-700x302.jpg 700w, https:\/\/regispel.com\/wp-content\/uploads\/2022\/07\/logo-cupom-solidario.jpg 1290w\" sizes=\"auto, (max-width: 300px) 100vw, 300px\" \/>[\/vc_column_text][\/vc_column][\/vc_row][vc_row css_animation=\u00bbelement_from_fade\u00bb row_type=\u00bbrow\u00bb use_row_as_full_screen_section=\u00bbno\u00bb type=\u00bbgrid\u00bb angled_section=\u00bbno\u00bb text_align=\u00bbcenter\u00bb background_image_as_pattern=\u00bbwithout_pattern\u00bb background_color=\u00bb#f9f9f9&#8243; padding_top=\u00bb87&#8243; padding_bottom=\u00bb88&#8243; transition_delay=\u00bb150&#8243; css=\u00bb.vc_custom_1655506308318{background-color: #1e73be !important;}\u00bb z_index=\u00bb\u00bb][vc_column width=\u00bb2\/3&#8243;][vc_column_text]<\/p>\n<h3 style=\"text-align: right;\"><strong><span style=\"color: #ffffff;\">Solicite agora mesmo suas bobinas Regispel<\/span><\/strong><\/h3>\n<p>[\/vc_column_text][\/vc_column][vc_column css_animation=\u00bbnone\u00bb width=\u00bb1\/3&#8243;]<a  itemprop=\"url\" href=\"https:\/\/regispel.com\/comprar\/\" target=\"_self\"  class=\"qbutton  large white default\" style=\"\">COMPRE J\u00c1<\/a>[\/vc_column][\/vc_row]<\/p>\n<\/div>","protected":false},"excerpt":{"rendered":"<p>[vc_row css_animation=\u00bb\u00bb row_type=\u00bbrow\u00bb use_row_as_full_screen_section=\u00bbno\u00bb type=\u00bbgrid\u00bb angled_section=\u00bbno\u00bb text_align=\u00bbleft\u00bb background_image_as_pattern=\u00bbwithout_pattern\u00bb padding_top=\u00bb85&#8243; padding_bottom=\u00bb47&#8243;][vc_column width=\u00bb1\/2&#8243;][vc_column_text] &nbsp; As bobinas t\u00e9rmicas para ECF, SAT Fiscal e NFC-e comercializadas pela Regispel t\u00eam parte de seu valor revertida para os programas educacionais do Instituto Ayrton Senna. &nbsp; Com esse projeto, a Regispel possibilita&#8230;<\/p>\n","protected":false},"author":1,"featured_media":16904,"parent":0,"menu_order":0,"comment_status":"open","ping_status":"closed","template":"full_width.php","meta":{"_monsterinsights_skip_tracking":false,"_monsterinsights_sitenote_active":false,"_monsterinsights_sitenote_note":"","_monsterinsights_sitenote_category":0,"footnotes":""},"class_list":["post-17020","page","type-page","status-publish","has-post-thumbnail","hentry"],"aioseo_notices":[],"_links":{"self":[{"href":"https:\/\/regispel.com\/es\/wp-json\/wp\/v2\/pages\/17020","targetHints":{"allow":["GET"]}}],"collection":[{"href":"https:\/\/regispel.com\/es\/wp-json\/wp\/v2\/pages"}],"about":[{"href":"https:\/\/regispel.com\/es\/wp-json\/wp\/v2\/types\/page"}],"author":[{"embeddable":true,"href":"https:\/\/regispel.com\/es\/wp-json\/wp\/v2\/users\/1"}],"replies":[{"embeddable":true,"href":"https:\/\/regispel.com\/es\/wp-json\/wp\/v2\/comments?post=17020"}],"version-history":[{"count":0,"href":"https:\/\/regispel.com\/es\/wp-json\/wp\/v2\/pages\/17020\/revisions"}],"wp:featuredmedia":[{"embeddable":true,"href":"https:\/\/regispel.com\/es\/wp-json\/wp\/v2\/media\/16904"}],"wp:attachment":[{"href":"https:\/\/regispel.com\/es\/wp-json\/wp\/v2\/media?parent=17020"}],"curies":[{"name":"wp","href":"https:\/\/api.w.org\/{rel}","templated":true}]}}