{"id":17374,"date":"2015-05-08T07:24:24","date_gmt":"2015-05-08T10:24:24","guid":{"rendered":"https:\/\/regispel.com\/?page_id=17374"},"modified":"2022-08-19T15:16:47","modified_gmt":"2022-08-19T18:16:47","slug":"sobre-nosotros","status":"publish","type":"page","link":"https:\/\/regispel.com\/es\/sobre-nosotros\/","title":{"rendered":"Sobre Nosotros"},"content":{"rendered":"<div class=\"wpb-content-wrapper\"><p>[vc_row css_animation=\u00bb\u00bb row_type=\u00bbrow\u00bb use_row_as_full_screen_section=\u00bbno\u00bb type=\u00bbgrid\u00bb angled_section=\u00bbno\u00bb text_align=\u00bbleft\u00bb background_image_as_pattern=\u00bbwithout_pattern\u00bb padding_top=\u00bb85&#8243; padding_bottom=\u00bb47&#8243;][vc_column width=\u00bb1\/2&#8243;][vc_column_text]<\/p>\n<h3>Regispel<\/h3>\n<p><b>More than 40 years of evolution<\/b>[\/vc_column_text][vc_separator type=\u00bbtransparent\u00bb up=\u00bb29&#8243; down=\u00bb0&#8243;]<div class='qode_image_gallery_no_space light highlight_active'><div class='qode_image_gallery_holder' style=''><ul style = \"background-color: #1e73be\" ><li  ><div style=\" width:750px;\"><a itemprop=\"image\" class=\"prettyphoto\" data-rel=\"prettyPhoto[rel-472877702]\" href=\"https:\/\/regispel.com\/wp-content\/uploads\/2022\/06\/institucional-regispel-01.jpg\"><img decoding=\"async\" itemprop=\"image\" src=\"https:\/\/regispel.com\/wp-content\/uploads\/2022\/06\/institucional-regispel-01.jpg\" alt=\"\" \/><\/a><\/div><\/li><li  ><div style=\" width:750px;\"><a itemprop=\"image\" class=\"prettyphoto\" data-rel=\"prettyPhoto[rel-472877702]\" href=\"https:\/\/regispel.com\/wp-content\/uploads\/2022\/06\/institucional-regispel-02.jpg\"><img decoding=\"async\" itemprop=\"image\" src=\"https:\/\/regispel.com\/wp-content\/uploads\/2022\/06\/institucional-regispel-02.jpg\" alt=\"\" \/><\/a><\/div><\/li><li  ><div style=\" width:750px;\"><a itemprop=\"image\" class=\"prettyphoto\" data-rel=\"prettyPhoto[rel-472877702]\" href=\"https:\/\/regispel.com\/wp-content\/uploads\/2022\/06\/institucional-regispel-03.jpg\"><img decoding=\"async\" itemprop=\"image\" src=\"https:\/\/regispel.com\/wp-content\/uploads\/2022\/06\/institucional-regispel-03.jpg\" alt=\"\" \/><\/a><\/div><\/li><li  ><div style=\" width:750px;\"><a itemprop=\"image\" class=\"prettyphoto\" data-rel=\"prettyPhoto[rel-472877702]\" href=\"https:\/\/regispel.com\/wp-content\/uploads\/2022\/06\/institucional-regispel-04.jpg\"><img decoding=\"async\" itemprop=\"image\" src=\"https:\/\/regispel.com\/wp-content\/uploads\/2022\/06\/institucional-regispel-04.jpg\" alt=\"\" \/><\/a><\/div><\/li><li  ><div style=\" width:750px;\"><a itemprop=\"image\" class=\"prettyphoto\" data-rel=\"prettyPhoto[rel-472877702]\" href=\"https:\/\/regispel.com\/wp-content\/uploads\/2022\/06\/institucional-regispel-05.jpg\"><img decoding=\"async\" itemprop=\"image\" src=\"https:\/\/regispel.com\/wp-content\/uploads\/2022\/06\/institucional-regispel-05.jpg\" alt=\"\" \/><\/a><\/div><\/li><\/ul><\/div><div class=\"controls\"><a class=\"prev-slide\" href=\"#\"><span><i class=\"fa fa-angle-left\"><\/i><\/span><\/a><a class=\"next-slide\" href=\"#\"><span><i class=\"fa fa-angle-right\"><\/i><\/span><\/a><\/div><\/div>[vc_separator type=\u00bbtransparent\u00bb up=\u00bb37&#8243; down=\u00bb0&#8243;][\/vc_column][vc_column width=\u00bb1\/2&#8243;][vc_separator type=\u00bbtransparent\u00bb up=\u00bb90&#8243; down=\u00bb0&#8243;][vc_column_text]En m\u00e1s de 40 a\u00f1os de actividades, Regispel ya convirti\u00f3 millones de toneladas de papel en bobinas para atender con agilidad las necesidades del mercado de automatizaci\u00f3n comercial y bancaria.<\/p>\n<p>&nbsp;<\/p>\n<p>Actualmente la compa\u00f1\u00eda es una Sociedad An\u00f3nima de capital cerrado. Normas de Gobierno Corporativo con principios \u00e9ticos y sostenibles dirigen con transparencia las actividades de los accionistas, colaboradores y proveedores<\/p>\n<p>&nbsp;<\/p>\n<p>Pionerismo, liderazgo y calidad tambi\u00e9n forman parte de esta historia. Regispel invirti\u00f3 para crecer, vislumbrando vuelos m\u00e1s altos Esta combinaci\u00f3n de orden, visi\u00f3n de futuro y exactitud en la realizaci\u00f3n de las actividades permiti\u00f3 un crecimiento s\u00f3lido y permanente.<\/p>\n<p>&nbsp;<\/p>\n<p>Con este concepto Regispel produce su l\u00ednea de suministros para equipos de autoatenci\u00f3n, etiquetas adhesivas, tags, bobinas impresas para recolectores de datos con impresi\u00f3n simult\u00e1nea, boletos de entrada, tickets y r\u00f3tulos. Los altos niveles de satisfacci\u00f3n obtenidos en encuestas realizadas peri\u00f3dicamente con los clientes comprueban la precisi\u00f3n de esa filosof\u00eda de trabajo.[\/vc_column_text][\/vc_column][\/vc_row][vc_row css_animation=\u00bbelement_from_fade\u00bb row_type=\u00bbrow\u00bb use_row_as_full_screen_section=\u00bbno\u00bb type=\u00bbgrid\u00bb angled_section=\u00bbno\u00bb text_align=\u00bbcenter\u00bb background_image_as_pattern=\u00bbwithout_pattern\u00bb background_color=\u00bb#f9f9f9&#8243; padding_top=\u00bb87&#8243; padding_bottom=\u00bb88&#8243; transition_delay=\u00bb150&#8243; css=\u00bb.vc_custom_1655506308318{background-color: #1e73be !important;}\u00bb z_index=\u00bb\u00bb][vc_column width=\u00bb2\/3&#8243;][vc_column_text]<\/p>\n<h3 style=\"text-align: right;\"><strong><span style=\"color: #ffffff;\">Pide tus bobinas Regispel ahora<\/span><\/strong><\/h3>\n<p>[\/vc_column_text][\/vc_column][vc_column css_animation=\u00bbnone\u00bb width=\u00bb1\/3&#8243;]<a  itemprop=\"url\" href=\"https:\/\/regispel.com\/comprar\/\" target=\"_self\"  class=\"qbutton  large white default\" style=\"\">COMPRE YA<\/a>[\/vc_column][\/vc_row]<\/p>\n<\/div>","protected":false},"excerpt":{"rendered":"<p>[vc_row css_animation=\u00bb\u00bb row_type=\u00bbrow\u00bb use_row_as_full_screen_section=\u00bbno\u00bb type=\u00bbgrid\u00bb angled_section=\u00bbno\u00bb text_align=\u00bbleft\u00bb background_image_as_pattern=\u00bbwithout_pattern\u00bb padding_top=\u00bb85&#8243; padding_bottom=\u00bb47&#8243;][vc_column width=\u00bb1\/2&#8243;][vc_column_text] Regispel More than 40 years of evolution[\/vc_column_text][vc_separator type=\u00bbtransparent\u00bb up=\u00bb29&#8243; down=\u00bb0&#8243;][vc_separator type=\u00bbtransparent\u00bb up=\u00bb37&#8243; down=\u00bb0&#8243;][\/vc_column][vc_column width=\u00bb1\/2&#8243;][vc_separator type=\u00bbtransparent\u00bb up=\u00bb90&#8243; down=\u00bb0&#8243;][vc_column_text]En m\u00e1s de 40 a\u00f1os de actividades, Regispel ya convirti\u00f3 millones de toneladas de papel en bobinas para&#8230;<\/p>\n","protected":false},"author":1,"featured_media":16668,"parent":0,"menu_order":0,"comment_status":"open","ping_status":"open","template":"full_width.php","meta":{"_monsterinsights_skip_tracking":false,"_monsterinsights_sitenote_active":false,"_monsterinsights_sitenote_note":"","_monsterinsights_sitenote_category":0,"footnotes":""},"class_list":["post-17374","page","type-page","status-publish","has-post-thumbnail","hentry"],"aioseo_notices":[],"_links":{"self":[{"href":"https:\/\/regispel.com\/es\/wp-json\/wp\/v2\/pages\/17374","targetHints":{"allow":["GET"]}}],"collection":[{"href":"https:\/\/regispel.com\/es\/wp-json\/wp\/v2\/pages"}],"about":[{"href":"https:\/\/regispel.com\/es\/wp-json\/wp\/v2\/types\/page"}],"author":[{"embeddable":true,"href":"https:\/\/regispel.com\/es\/wp-json\/wp\/v2\/users\/1"}],"replies":[{"embeddable":true,"href":"https:\/\/regispel.com\/es\/wp-json\/wp\/v2\/comments?post=17374"}],"version-history":[{"count":4,"href":"https:\/\/regispel.com\/es\/wp-json\/wp\/v2\/pages\/17374\/revisions"}],"predecessor-version":[{"id":17378,"href":"https:\/\/regispel.com\/es\/wp-json\/wp\/v2\/pages\/17374\/revisions\/17378"}],"wp:featuredmedia":[{"embeddable":true,"href":"https:\/\/regispel.com\/es\/wp-json\/wp\/v2\/media\/16668"}],"wp:attachment":[{"href":"https:\/\/regispel.com\/es\/wp-json\/wp\/v2\/media?parent=17374"}],"curies":[{"name":"wp","href":"https:\/\/api.w.org\/{rel}","templated":true}]}}