{"id":17390,"date":"2022-06-17T20:43:33","date_gmt":"2022-06-17T23:43:33","guid":{"rendered":"https:\/\/regispel.com\/?page_id=17390"},"modified":"2022-08-19T15:44:16","modified_gmt":"2022-08-19T18:44:16","slug":"calidad","status":"publish","type":"page","link":"https:\/\/regispel.com\/es\/calidad\/","title":{"rendered":"Calidad"},"content":{"rendered":"<div class=\"wpb-content-wrapper\"><p>[vc_row css_animation=\u00bb\u00bb row_type=\u00bbrow\u00bb use_row_as_full_screen_section=\u00bbno\u00bb type=\u00bbgrid\u00bb angled_section=\u00bbno\u00bb text_align=\u00bbleft\u00bb background_image_as_pattern=\u00bbwithout_pattern\u00bb padding_top=\u00bb85&#8243; padding_bottom=\u00bb47&#8243;][vc_column width=\u00bb1\/2&#8243;][vc_column_text]<\/p>\n<h3>Calidad,<\/h3>\n<p><b>desde la materia prima al producto final.<\/b>[\/vc_column_text][vc_separator type=\u00bbtransparent\u00bb up=\u00bb29&#8243; down=\u00bb0&#8243;][vc_single_image image=\u00bb15837&#8243; img_size=\u00bbfull\u00bb qode_css_animation=\u00bb\u00bb][vc_separator type=\u00bbtransparent\u00bb up=\u00bb37&#8243; down=\u00bb0&#8243;][vc_column_text]Mantener una estrecha relaci\u00f3n de alianza con las principales empresas proveedoras de materia prima. Eso permite que Regispel ratifique la garant\u00eda y la seguridad deseadas por el mercado en suministros modernos y dentro de las normas impuestas por la legislaci\u00f3n vigente.<\/p>\n<p>&nbsp;<\/p>\n<p>Actualmente la marca Regispel est\u00e1 homologada por fabricantes de equipos, proveedores, clientes y \u00f3rganos acreditados del mercado de auditor\u00eda gubernamental, evidenciando la seriedad con que se trata el tema de la calidad en la empresa.[\/vc_column_text][\/vc_column][vc_column width=\u00bb1\/2&#8243;][vc_separator type=\u00bbtransparent\u00bb up=\u00bb90&#8243; down=\u00bb0&#8243;][vc_column_text]<strong>OJI<\/strong><\/p>\n<p><img loading=\"lazy\" decoding=\"async\" class=\"size-full wp-image-15592 alignleft\" src=\"http:\/\/regispel.com\/wp-content\/uploads\/2022\/06\/300px-oji-logo-150x150-1.jpg\" alt=\"\" width=\"150\" height=\"150\" \/><span style=\"font-weight: 400;\">Regispel est\u00e1 certificada por el Programa Ojo en la Calidad (papeles autocopiadores) y en el Programa Desempe\u00f1o Total (papeles t\u00e9rmicos), cumpliendo con todos los criterios de calidad en la conversi\u00f3n de la materia prima. Programas desarrollados de Oji Pap\u00e9is Especiais, l\u00edder en producci\u00f3n de papeles especiales en Brasil, con el objetivo de crear referencias competitivas, credibilidad y calidad en todas las etapas del proceso.<\/span><\/p>\n<p>&nbsp;<\/p>\n<p><strong>AVERY DENNISON<\/strong><\/p>\n<p><img loading=\"lazy\" decoding=\"async\" class=\"size-full wp-image-15593 alignleft\" src=\"http:\/\/regispel.com\/wp-content\/uploads\/2022\/06\/300px-avery-logo-150x150-1.jpg\" alt=\"\" width=\"150\" height=\"150\" \/><span style=\"font-weight: 400;\">La l\u00ednea Fasson\u00ae de Avery Dennison es la marca m\u00e1s tradicional del mercado, con una cartera completa de productos, que van desde aplicaciones promocionales hasta las m\u00e1s exigentes t\u00e9cnicamente.<\/span><\/p>\n<p>&nbsp;<\/p>\n<p>&nbsp;<\/p>\n<p>&nbsp;<\/p>\n<p><strong>JAC\u00ae<\/strong><\/p>\n<p>En un mercado donde se necesitan autoadhesivos con caracter\u00edsticas especiales, la l\u00ednea JAC\u00ae, de tecnolog\u00eda alemana, cumple su rol. Adhesivos desarrollados para bajas temperaturas y\/o superficies irregulares.[\/vc_column_text][\/vc_column][\/vc_row][vc_row css_animation=\u00bbelement_from_fade\u00bb row_type=\u00bbrow\u00bb use_row_as_full_screen_section=\u00bbno\u00bb type=\u00bbgrid\u00bb angled_section=\u00bbno\u00bb text_align=\u00bbcenter\u00bb background_image_as_pattern=\u00bbwithout_pattern\u00bb background_color=\u00bb#f9f9f9&#8243; padding_top=\u00bb87&#8243; padding_bottom=\u00bb88&#8243; transition_delay=\u00bb150&#8243; css=\u00bb.vc_custom_1655506308318{background-color: #1e73be !important;}\u00bb z_index=\u00bb\u00bb][vc_column width=\u00bb2\/3&#8243;][vc_column_text]<\/p>\n<h3 style=\"text-align: right;\"><strong><span style=\"color: #ffffff;\">Pide tus bobinas Regispel ahora<\/span><\/strong><\/h3>\n<p>[\/vc_column_text][\/vc_column][vc_column css_animation=\u00bbnone\u00bb width=\u00bb1\/3&#8243;]<a  itemprop=\"url\" href=\"https:\/\/regispel.com\/comprar\/\" target=\"_self\"  class=\"qbutton  large white default\" style=\"\">COMPRE YA<\/a>[\/vc_column][\/vc_row]<\/p>\n<\/div>","protected":false},"excerpt":{"rendered":"<p>[vc_row css_animation=\u00bb\u00bb row_type=\u00bbrow\u00bb use_row_as_full_screen_section=\u00bbno\u00bb type=\u00bbgrid\u00bb angled_section=\u00bbno\u00bb text_align=\u00bbleft\u00bb background_image_as_pattern=\u00bbwithout_pattern\u00bb padding_top=\u00bb85&#8243; padding_bottom=\u00bb47&#8243;][vc_column width=\u00bb1\/2&#8243;][vc_column_text] Calidad, desde la materia prima al producto final.[\/vc_column_text][vc_separator type=\u00bbtransparent\u00bb up=\u00bb29&#8243; down=\u00bb0&#8243;][vc_single_image image=\u00bb15837&#8243; img_size=\u00bbfull\u00bb qode_css_animation=\u00bb\u00bb][vc_separator type=\u00bbtransparent\u00bb up=\u00bb37&#8243; down=\u00bb0&#8243;][vc_column_text]Mantener una estrecha relaci\u00f3n de alianza con las principales empresas proveedoras de materia prima. Eso permite que Regispel&#8230;<\/p>\n","protected":false},"author":1,"featured_media":0,"parent":0,"menu_order":0,"comment_status":"open","ping_status":"closed","template":"full_width.php","meta":{"_monsterinsights_skip_tracking":false,"_monsterinsights_sitenote_active":false,"_monsterinsights_sitenote_note":"","_monsterinsights_sitenote_category":0,"footnotes":""},"class_list":["post-17390","page","type-page","status-publish","hentry"],"aioseo_notices":[],"_links":{"self":[{"href":"https:\/\/regispel.com\/es\/wp-json\/wp\/v2\/pages\/17390","targetHints":{"allow":["GET"]}}],"collection":[{"href":"https:\/\/regispel.com\/es\/wp-json\/wp\/v2\/pages"}],"about":[{"href":"https:\/\/regispel.com\/es\/wp-json\/wp\/v2\/types\/page"}],"author":[{"embeddable":true,"href":"https:\/\/regispel.com\/es\/wp-json\/wp\/v2\/users\/1"}],"replies":[{"embeddable":true,"href":"https:\/\/regispel.com\/es\/wp-json\/wp\/v2\/comments?post=17390"}],"version-history":[{"count":3,"href":"https:\/\/regispel.com\/es\/wp-json\/wp\/v2\/pages\/17390\/revisions"}],"predecessor-version":[{"id":17393,"href":"https:\/\/regispel.com\/es\/wp-json\/wp\/v2\/pages\/17390\/revisions\/17393"}],"wp:attachment":[{"href":"https:\/\/regispel.com\/es\/wp-json\/wp\/v2\/media?parent=17390"}],"curies":[{"name":"wp","href":"https:\/\/api.w.org\/{rel}","templated":true}]}}