{"id":17402,"date":"2022-07-15T12:44:29","date_gmt":"2022-07-15T15:44:29","guid":{"rendered":"https:\/\/regispel.com\/?page_id=17402"},"modified":"2022-08-19T15:54:57","modified_gmt":"2022-08-19T18:54:57","slug":"sostenibilidad","status":"publish","type":"page","link":"https:\/\/regispel.com\/es\/sostenibilidad\/","title":{"rendered":"Sostenibilidad"},"content":{"rendered":"<div class=\"wpb-content-wrapper\"><p>[vc_row css_animation=\u00bb\u00bb row_type=\u00bbrow\u00bb use_row_as_full_screen_section=\u00bbno\u00bb type=\u00bbgrid\u00bb angled_section=\u00bbno\u00bb text_align=\u00bbleft\u00bb background_image_as_pattern=\u00bbwithout_pattern\u00bb padding_top=\u00bb85&#8243; padding_bottom=\u00bb47&#8243;][vc_column width=\u00bb1\/2&#8243;][vc_single_image image=\u00bb16001&#8243; img_size=\u00bbfull\u00bb qode_css_animation=\u00bb\u00bb][vc_separator type=\u00bbtransparent\u00bb up=\u00bb37&#8243; down=\u00bb0&#8243;][\/vc_column][vc_column width=\u00bb1\/2&#8243;][vc_column_text]<\/p>\n<h4><span style=\"color: #339966;\"><em><strong>Produciendo en armon\u00eda con la naturaleza<\/strong><\/em><\/span><\/h4>\n<p>&nbsp;<\/p>\n<p>Crecer significa generar riquezas respetando el medio ambiente y las generaciones futuras. Regispel desarrolla y mantiene 10 acciones dirigidas espec\u00edficamente en ese sentido.<\/p>\n<p>&nbsp;<\/p>\n<p>La Estaci\u00f3n de Tratamiento de Agua, por ejemplo, adem\u00e1s de reducir costos operativos, viabiliza el descarte de los efluentes industriales en conformidad con la legislaci\u00f3n vigente, contribuyendo para la mejora de la salud p\u00fablica y medio ambiente.<\/p>\n<p>Las 10 acciones sostenibles de Regispel:<\/p>\n<p style=\"padding-left: 40px;\">01. Adquisici\u00f3n de materia prima consciente<\/p>\n<p style=\"padding-left: 40px;\">02. Estaci\u00f3n de tratamiento de agua<\/p>\n<p style=\"padding-left: 40px;\">03. Recolecci\u00f3n selectiva de basura<\/p>\n<p style=\"padding-left: 40px;\">04. Utilizaci\u00f3n de materiales reciclables<\/p>\n<p style=\"padding-left: 40px;\">05. Preferencia por materiales sostenibles<\/p>\n<p style=\"padding-left: 40px;\">06. Campa\u00f1as sociales en sus productos<\/p>\n<p style=\"padding-left: 40px;\">07. Capacitaci\u00f3n y desarrollo de sus colaboradores<\/p>\n<p style=\"padding-left: 40px;\">08. Certificado ROHS &#8211; Productos exentos de materiales pesados<\/p>\n<p style=\"padding-left: 40px;\">09. GAS &#8211; Gesti\u00f3n de Apoyo a la Sostenibilidad<\/p>\n<p style=\"padding-left: 40px;\">10. Contribuir para el futuro del planeta<\/p>\n<p>&nbsp;<\/p>\n<p><strong>Para conocer detalladamente las dem\u00e1s acciones, visite Regispel.<\/strong>[\/vc_column_text][\/vc_column][\/vc_row][vc_row css_animation=\u00bbelement_from_fade\u00bb row_type=\u00bbrow\u00bb use_row_as_full_screen_section=\u00bbno\u00bb type=\u00bbgrid\u00bb angled_section=\u00bbno\u00bb text_align=\u00bbcenter\u00bb background_image_as_pattern=\u00bbwithout_pattern\u00bb background_color=\u00bb#f9f9f9&#8243; padding_top=\u00bb87&#8243; padding_bottom=\u00bb88&#8243; transition_delay=\u00bb150&#8243; css=\u00bb.vc_custom_1655506308318{background-color: #1e73be !important;}\u00bb z_index=\u00bb\u00bb][vc_column width=\u00bb2\/3&#8243;][vc_column_text]<\/p>\n<h3 style=\"text-align: right;\"><strong><span style=\"color: #ffffff;\">Pide tus bobinas Regispel ahora<\/span><\/strong><\/h3>\n<p>[\/vc_column_text][\/vc_column][vc_column css_animation=\u00bbnone\u00bb width=\u00bb1\/3&#8243;]<a  itemprop=\"url\" href=\"https:\/\/regispel.com\/comprar\/\" target=\"_self\"  class=\"qbutton  large white default\" style=\"\">COMPRE YA<\/a>[\/vc_column][\/vc_row]<\/p>\n<\/div>","protected":false},"excerpt":{"rendered":"<p>[vc_row css_animation=\u00bb\u00bb row_type=\u00bbrow\u00bb use_row_as_full_screen_section=\u00bbno\u00bb type=\u00bbgrid\u00bb angled_section=\u00bbno\u00bb text_align=\u00bbleft\u00bb background_image_as_pattern=\u00bbwithout_pattern\u00bb padding_top=\u00bb85&#8243; padding_bottom=\u00bb47&#8243;][vc_column width=\u00bb1\/2&#8243;][vc_single_image image=\u00bb16001&#8243; img_size=\u00bbfull\u00bb qode_css_animation=\u00bb\u00bb][vc_separator type=\u00bbtransparent\u00bb up=\u00bb37&#8243; down=\u00bb0&#8243;][\/vc_column][vc_column width=\u00bb1\/2&#8243;][vc_column_text] Produciendo en armon\u00eda con la naturaleza &nbsp; Crecer significa generar riquezas respetando el medio ambiente y las generaciones futuras. Regispel desarrolla y mantiene 10 acciones dirigidas espec\u00edficamente&#8230;<\/p>\n","protected":false},"author":1,"featured_media":16816,"parent":0,"menu_order":0,"comment_status":"open","ping_status":"closed","template":"full_width.php","meta":{"_monsterinsights_skip_tracking":false,"_monsterinsights_sitenote_active":false,"_monsterinsights_sitenote_note":"","_monsterinsights_sitenote_category":0,"footnotes":""},"class_list":["post-17402","page","type-page","status-publish","has-post-thumbnail","hentry"],"aioseo_notices":[],"_links":{"self":[{"href":"https:\/\/regispel.com\/es\/wp-json\/wp\/v2\/pages\/17402","targetHints":{"allow":["GET"]}}],"collection":[{"href":"https:\/\/regispel.com\/es\/wp-json\/wp\/v2\/pages"}],"about":[{"href":"https:\/\/regispel.com\/es\/wp-json\/wp\/v2\/types\/page"}],"author":[{"embeddable":true,"href":"https:\/\/regispel.com\/es\/wp-json\/wp\/v2\/users\/1"}],"replies":[{"embeddable":true,"href":"https:\/\/regispel.com\/es\/wp-json\/wp\/v2\/comments?post=17402"}],"version-history":[{"count":3,"href":"https:\/\/regispel.com\/es\/wp-json\/wp\/v2\/pages\/17402\/revisions"}],"predecessor-version":[{"id":17405,"href":"https:\/\/regispel.com\/es\/wp-json\/wp\/v2\/pages\/17402\/revisions\/17405"}],"wp:featuredmedia":[{"embeddable":true,"href":"https:\/\/regispel.com\/es\/wp-json\/wp\/v2\/media\/16816"}],"wp:attachment":[{"href":"https:\/\/regispel.com\/es\/wp-json\/wp\/v2\/media?parent=17402"}],"curies":[{"name":"wp","href":"https:\/\/api.w.org\/{rel}","templated":true}]}}