{"id":17434,"date":"2022-06-18T00:35:03","date_gmt":"2022-06-18T03:35:03","guid":{"rendered":"https:\/\/regispel.com\/?page_id=17434"},"modified":"2022-08-19T21:25:14","modified_gmt":"2022-08-20T00:25:14","slug":"personalizacion-regispel","status":"publish","type":"page","link":"https:\/\/regispel.com\/es\/personalizacion-regispel\/","title":{"rendered":"Personalizaci\u00f3n Regispel"},"content":{"rendered":"<div class=\"wpb-content-wrapper\"><p>[vc_row css_animation=\u00bb\u00bb row_type=\u00bbrow\u00bb use_row_as_full_screen_section=\u00bbno\u00bb type=\u00bbgrid\u00bb angled_section=\u00bbno\u00bb text_align=\u00bbleft\u00bb background_image_as_pattern=\u00bbwithout_pattern\u00bb padding_top=\u00bb85&#8243; padding_bottom=\u00bb47&#8243;][vc_column width=\u00bb1\/2&#8243;][vc_empty_space height=\u00bb50&#8243;][vc_single_image image=\u00bb15859&#8243; img_size=\u00bbfull\u00bb qode_css_animation=\u00bb\u00bb][\/vc_column][vc_column width=\u00bb1\/2&#8243;][vc_column_text]<strong>Transforme sus insumos en una poderosa herramienta de marketing<\/strong><\/p>\n<p>&nbsp;<\/p>\n<p>Para desarrollar insumos impresos y personalizados, Regispel cuenta con impresoras offset que garantizan una impresi\u00f3n de alta calidad. De esta manera, el cliente cuenta con la tecnolog\u00eda gr\u00e1fica m\u00e1s avanzada, pudiendo luego imprimir marcas de agua o cruces con fidelidad visual, estandarizando su identidad visual. El secado ultravioleta tambi\u00e9n es un diferencial de Regispel. Permite una calidad de impresi\u00f3n superior al eliminar la calcoman\u00eda en el frente.<\/p>\n<p>&nbsp;<\/p>\n<blockquote><p>\u00a0\u201cBrindar una oferta fiscal basada en un medio de comercializaci\u00f3n alternativo\u201d.<\/p><\/blockquote>\n<p>&nbsp;<\/p>\n<p>Este es el objetivo de Promobina. En este punto, el reel ya no tiene \u00fanicamente la connotaci\u00f3n de un insumo, y pasa a ofrecer un retorno inmediato por las atribuciones publicitarias contenidas.<\/p>\n<p>&nbsp;<\/p>\n<p>Promobina Regispel se adapta a diversas situaciones, tales como:<\/p>\n<ul>\n<li>Lanzamiento de nuevos productos al mercado;<\/li>\n<li>Refuerzo de campa\u00f1as promocionales en el punto de venta;<\/li>\n<li>Campa\u00f1as de temporada (Fiestas del D\u00eda de la Madre, San Valent\u00edn, Nochevieja);<\/li>\n<li>Patrocinios o acciones de co-marketing, con inserci\u00f3n de mensajes de terceros.<\/li>\n<\/ul>\n<p>[\/vc_column_text][\/vc_column][\/vc_row][vc_row css_animation=\u00bb\u00bb row_type=\u00bbrow\u00bb use_row_as_full_screen_section=\u00bbno\u00bb type=\u00bbgrid\u00bb angled_section=\u00bbno\u00bb text_align=\u00bbleft\u00bb background_image_as_pattern=\u00bbwithout_pattern\u00bb padding_top=\u00bb85&#8243; padding_bottom=\u00bb47&#8243;][vc_column css=\u00bb.vc_custom_1656541522520{margin-top: -70px !important;}\u00bb][vc_text_separator title=\u00bbBOBINAS T\u00c9RMICAS &#8211; 44G BLANCA\u00bb title_align=\u00bbseparator_align_left\u00bb border=\u00bbno\u00bb background_color=\u00bb#1e73be\u00bb title_color=\u00bb#ffffff\u00bb][\/vc_column][\/vc_row][vc_row css_animation=\u00bb\u00bb row_type=\u00bbrow\u00bb use_row_as_full_screen_section=\u00bbno\u00bb type=\u00bbgrid\u00bb angled_section=\u00bbno\u00bb text_align=\u00bbleft\u00bb background_image_as_pattern=\u00bbwithout_pattern\u00bb padding_top=\u00bb85&#8243; padding_bottom=\u00bb47&#8243; css=\u00bb.vc_custom_1656543296703{margin-top: -150px !important;}\u00bb z_index=\u00bb\u00bb][vc_column width=\u00bb1\/4&#8243;][vc_column_text css=\u00bb.vc_custom_1660954902135{padding-top: 20px !important;padding-bottom: 20px !important;background-color: #1e73be !important;}\u00bb]<\/p>\n<p style=\"text-align: center;\"><span style=\"color: #ffffff;\"><strong>Bobinas (mm)<\/strong><\/span><\/p>\n<p>[\/vc_column_text][vc_empty_space][vc_column_text]<\/p>\n<p style=\"text-align: center;\">57<br \/>\n76<br \/>\n80<\/p>\n<p>[\/vc_column_text][\/vc_column][vc_column width=\u00bb1\/4&#8243;][vc_column_text css=\u00bb.vc_custom_1660954914242{padding-top: 20px !important;padding-bottom: 20px !important;background-color: #1e73be !important;}\u00bb]<\/p>\n<p style=\"text-align: center;\"><span style=\"color: #ffffff;\"><strong>Di\u00e1metro (mm)<\/strong><\/span><\/p>\n<p>[\/vc_column_text][vc_empty_space][vc_column_text]<\/p>\n<p style=\"text-align: center;\">32 \/ 40 \/ 52<br \/>\n52<br \/>\n46 \/ 52 \/ 72 \/ 80<\/p>\n<p>[\/vc_column_text][\/vc_column][vc_column width=\u00bb1\/4&#8243;][vc_column_text css=\u00bb.vc_custom_1660954926040{padding-top: 20px !important;padding-bottom: 20px !important;background-color: #1e73be !important;}\u00bb]<\/p>\n<p style=\"text-align: center;\"><span style=\"color: #ffffff;\"><strong>Largo (m)<\/strong><\/span><\/p>\n<p>[\/vc_column_text][vc_empty_space][vc_column_text]<\/p>\n<p style=\"text-align: center;\">15 \/ 22 \/ 40<br \/>\n40<br \/>\n30 \/ 40 \/ 80 \/100<\/p>\n<p>[\/vc_column_text][\/vc_column][vc_column width=\u00bb1\/4&#8243;][vc_column_text css=\u00bb.vc_custom_1660954940354{padding-top: 20px !important;padding-bottom: 20px !important;background-color: #1e73be !important;}\u00bb]<\/p>\n<p style=\"text-align: center;\"><span style=\"color: #ffffff;\"><strong>Bobinas p\/ caja<\/strong><\/span><\/p>\n<p>[\/vc_column_text][vc_empty_space][vc_column_text]<\/p>\n<p style=\"text-align: center;\">100 \/ 84 \/ 30<br \/>\n30<br \/>\n30 \/ 30 \/ 16 \/ 16<\/p>\n<p>[\/vc_column_text][\/vc_column][\/vc_row][vc_row css_animation=\u00bb\u00bb row_type=\u00bbrow\u00bb use_row_as_full_screen_section=\u00bbno\u00bb type=\u00bbgrid\u00bb angled_section=\u00bbno\u00bb text_align=\u00bbleft\u00bb background_image_as_pattern=\u00bbwithout_pattern\u00bb padding_top=\u00bb85&#8243; padding_bottom=\u00bb47&#8243;][vc_column css=\u00bb.vc_custom_1656541522520{margin-top: -70px !important;}\u00bb][vc_text_separator title=\u00bb BOBINAS T\u00c9RMICAS &#8211; 48G AMARILLO\u00bb title_align=\u00bbseparator_align_left\u00bb border=\u00bbno\u00bb background_color=\u00bb#ffde26&#8243; title_color=\u00bb#353535&#8243;][\/vc_column][\/vc_row][vc_row css_animation=\u00bb\u00bb row_type=\u00bbrow\u00bb use_row_as_full_screen_section=\u00bbno\u00bb type=\u00bbgrid\u00bb angled_section=\u00bbno\u00bb text_align=\u00bbleft\u00bb background_image_as_pattern=\u00bbwithout_pattern\u00bb padding_top=\u00bb85&#8243; padding_bottom=\u00bb47&#8243; css=\u00bb.vc_custom_1656543296703{margin-top: -150px !important;}\u00bb z_index=\u00bb\u00bb][vc_column width=\u00bb1\/4&#8243;][vc_column_text css=\u00bb.vc_custom_1660954970665{padding-top: 20px !important;padding-bottom: 20px !important;background-color: #fcde00 !important;}\u00bb]<\/p>\n<p style=\"text-align: center;\"><strong>Bobinas (mm)<\/strong><\/p>\n<p>[\/vc_column_text][vc_empty_space][vc_column_text]<\/p>\n<p style=\"text-align: center;\">57<br \/>\n76<br \/>\n80<\/p>\n<p>[\/vc_column_text][\/vc_column][vc_column width=\u00bb1\/4&#8243;][vc_column_text css=\u00bb.vc_custom_1660954981664{padding-top: 20px !important;padding-bottom: 20px !important;background-color: #fcde00 !important;}\u00bb]<\/p>\n<p style=\"text-align: center;\"><strong>Di\u00e1metro (mm)<\/strong><\/p>\n<p>[\/vc_column_text][vc_empty_space][vc_column_text]<\/p>\n<p style=\"text-align: center;\">36 \/ 42 \/ 55<br \/>\n55 \/ 160<br \/>\n48 \/ 55 \/ 76<\/p>\n<p>[\/vc_column_text][\/vc_column][vc_column width=\u00bb1\/4&#8243;][vc_column_text css=\u00bb.vc_custom_1660954988944{padding-top: 20px !important;padding-bottom: 20px !important;background-color: #fcde00 !important;}\u00bb]<\/p>\n<p style=\"text-align: center;\"><strong>Largo (m)<\/strong><\/p>\n<p>[\/vc_column_text][vc_empty_space][vc_column_text]<\/p>\n<p style=\"text-align: center;\">15 \/ 22 \/ 40<br \/>\n40 \/ 365<br \/>\n30 \/ 40 \/ 80<\/p>\n<p>[\/vc_column_text][\/vc_column][vc_column width=\u00bb1\/4&#8243;][vc_column_text css=\u00bb.vc_custom_1660954996796{padding-top: 20px !important;padding-bottom: 20px !important;background-color: #fcde00 !important;}\u00bb]<\/p>\n<p style=\"text-align: center;\"><span style=\"font-weight: 400;\">Bobinas p\/ caja<\/span><\/p>\n<p>[\/vc_column_text][vc_empty_space][vc_column_text]<\/p>\n<p style=\"text-align: center;\">100 \/ 84 \/ 30<br \/>\n30 6<br \/>\n30 \/ 30 \/ 16<\/p>\n<p>[\/vc_column_text][\/vc_column][\/vc_row][vc_row css_animation=\u00bb\u00bb row_type=\u00bbrow\u00bb use_row_as_full_screen_section=\u00bbno\u00bb type=\u00bbgrid\u00bb angled_section=\u00bbno\u00bb text_align=\u00bbleft\u00bb background_image_as_pattern=\u00bbwithout_pattern\u00bb padding_top=\u00bb85&#8243; padding_bottom=\u00bb47&#8243;][vc_column css=\u00bb.vc_custom_1656541522520{margin-top: -70px !important;}\u00bb][vc_text_separator title=\u00bb BOBINAS T\u00c9RMICAS &#8211; 55G AMARILLO\u00bb title_align=\u00bbseparator_align_left\u00bb border=\u00bbno\u00bb background_color=\u00bb#ffde26&#8243; title_color=\u00bb#353535&#8243;][\/vc_column][\/vc_row][vc_row css_animation=\u00bb\u00bb row_type=\u00bbrow\u00bb use_row_as_full_screen_section=\u00bbno\u00bb type=\u00bbgrid\u00bb angled_section=\u00bbno\u00bb text_align=\u00bbleft\u00bb background_image_as_pattern=\u00bbwithout_pattern\u00bb padding_top=\u00bb85&#8243; padding_bottom=\u00bb47&#8243; css=\u00bb.vc_custom_1656543296703{margin-top: -150px !important;}\u00bb z_index=\u00bb\u00bb][vc_column width=\u00bb1\/4&#8243;][vc_column_text css=\u00bb.vc_custom_1660954970665{padding-top: 20px !important;padding-bottom: 20px !important;background-color: #fcde00 !important;}\u00bb]<\/p>\n<p style=\"text-align: center;\"><strong>Bobinas (mm)<\/strong><\/p>\n<p>[\/vc_column_text][vc_empty_space][vc_column_text]<\/p>\n<p style=\"text-align: center;\">57<br \/>\n76<br \/>\n80<\/p>\n<p>[\/vc_column_text][\/vc_column][vc_column width=\u00bb1\/4&#8243;][vc_column_text css=\u00bb.vc_custom_1660954981664{padding-top: 20px !important;padding-bottom: 20px !important;background-color: #fcde00 !important;}\u00bb]<\/p>\n<p style=\"text-align: center;\"><strong>Di\u00e1metro (mm)<\/strong><\/p>\n<p>[\/vc_column_text][vc_empty_space][vc_column_text]<\/p>\n<p style=\"text-align: center;\">45 \/ 60<br \/>\n60 \/ 178<br \/>\n60 \/ 80<\/p>\n<p>[\/vc_column_text][\/vc_column][vc_column width=\u00bb1\/4&#8243;][vc_column_text css=\u00bb.vc_custom_1660954988944{padding-top: 20px !important;padding-bottom: 20px !important;background-color: #fcde00 !important;}\u00bb]<\/p>\n<p style=\"text-align: center;\"><strong>Largo (m)<\/strong><\/p>\n<p>[\/vc_column_text][vc_empty_space][vc_column_text]<\/p>\n<p style=\"text-align: center;\">22 \/ 40<br \/>\n40 \/ 365<br \/>\n40 \/ 80<\/p>\n<p>[\/vc_column_text][\/vc_column][vc_column width=\u00bb1\/4&#8243;][vc_column_text css=\u00bb.vc_custom_1660954996796{padding-top: 20px !important;padding-bottom: 20px !important;background-color: #fcde00 !important;}\u00bb]<\/p>\n<p style=\"text-align: center;\"><span style=\"font-weight: 400;\">Bobinas p\/ caja<\/span><\/p>\n<p>[\/vc_column_text][vc_empty_space][vc_column_text]<\/p>\n<p style=\"text-align: center;\">84 \/ 30<br \/>\n30 6<br \/>\n30 \/ 16<\/p>\n<p>[\/vc_column_text][\/vc_column][\/vc_row][vc_row css_animation=\u00bb\u00bb row_type=\u00bbrow\u00bb use_row_as_full_screen_section=\u00bbno\u00bb type=\u00bbgrid\u00bb angled_section=\u00bbno\u00bb text_align=\u00bbleft\u00bb background_image_as_pattern=\u00bbwithout_pattern\u00bb padding_top=\u00bb85&#8243; padding_bottom=\u00bb47&#8243;][vc_column css=\u00bb.vc_custom_1656541522520{margin-top: -70px !important;}\u00bb][vc_text_separator title=\u00bb BOBINAS T\u00c9RMICAS &#8211; 48G PAJA\u00bb title_align=\u00bbseparator_align_left\u00bb border=\u00bbno\u00bb background_color=\u00bb#e59100&#8243; title_color=\u00bb#353535&#8243;][\/vc_column][\/vc_row][vc_row css_animation=\u00bb\u00bb row_type=\u00bbrow\u00bb use_row_as_full_screen_section=\u00bbno\u00bb type=\u00bbgrid\u00bb angled_section=\u00bbno\u00bb text_align=\u00bbleft\u00bb background_image_as_pattern=\u00bbwithout_pattern\u00bb padding_top=\u00bb85&#8243; padding_bottom=\u00bb47&#8243; css=\u00bb.vc_custom_1656543296703{margin-top: -150px !important;}\u00bb z_index=\u00bb\u00bb][vc_column width=\u00bb1\/4&#8243;][vc_column_text css=\u00bb.vc_custom_1660955072883{padding-top: 20px !important;padding-bottom: 20px !important;background-color: #e59100 !important;}\u00bb]<\/p>\n<p style=\"text-align: center;\"><strong>Bobinas (mm)<\/strong><\/p>\n<p>[\/vc_column_text][vc_empty_space][vc_column_text]<\/p>\n<p style=\"text-align: center;\">57<br \/>\n76<br \/>\n80<\/p>\n<p>[\/vc_column_text][\/vc_column][vc_column width=\u00bb1\/4&#8243;][vc_column_text css=\u00bb.vc_custom_1660955084155{padding-top: 20px !important;padding-bottom: 20px !important;background-color: #e59100 !important;}\u00bb]<\/p>\n<p style=\"text-align: center;\"><strong>Di\u00e1metro (mm)<\/strong><\/p>\n<p>[\/vc_column_text][vc_empty_space][vc_column_text]<\/p>\n<p style=\"text-align: center;\">55<br \/>\n55<br \/>\n48 \/ 55 \/ 76<\/p>\n<p>[\/vc_column_text][\/vc_column][vc_column width=\u00bb1\/4&#8243;][vc_column_text css=\u00bb.vc_custom_1660955095572{padding-top: 20px !important;padding-bottom: 20px !important;background-color: #e59100 !important;}\u00bb]<\/p>\n<p style=\"text-align: center;\"><strong>Largo (m)<\/strong><\/p>\n<p>[\/vc_column_text][vc_empty_space][vc_column_text]<\/p>\n<p style=\"text-align: center;\">40<br \/>\n40<br \/>\n30 \/ 40 \/ 80<\/p>\n<p>[\/vc_column_text][\/vc_column][vc_column width=\u00bb1\/4&#8243;][vc_column_text css=\u00bb.vc_custom_1660955108622{padding-top: 20px !important;padding-bottom: 20px !important;background-color: #e59100 !important;}\u00bb]<\/p>\n<p style=\"text-align: center;\"><strong>Bobinas p\/ caja<\/strong><\/p>\n<p>[\/vc_column_text][vc_empty_space][vc_column_text]<\/p>\n<p style=\"text-align: center;\">30<br \/>\n30<br \/>\n30 \/ 30 \/ 16<\/p>\n<p>[\/vc_column_text][\/vc_column][\/vc_row][vc_row css_animation=\u00bbelement_from_fade\u00bb row_type=\u00bbrow\u00bb use_row_as_full_screen_section=\u00bbno\u00bb type=\u00bbgrid\u00bb angled_section=\u00bbno\u00bb text_align=\u00bbcenter\u00bb background_image_as_pattern=\u00bbwithout_pattern\u00bb background_color=\u00bb#f9f9f9&#8243; padding_top=\u00bb87&#8243; padding_bottom=\u00bb88&#8243; transition_delay=\u00bb150&#8243; css=\u00bb.vc_custom_1655506308318{background-color: #1e73be !important;}\u00bb z_index=\u00bb\u00bb][vc_column width=\u00bb2\/3&#8243;][vc_column_text]<\/p>\n<h3 style=\"text-align: right;\"><strong><span style=\"color: #ffffff;\">Pide tus bobinas Regispel ahora<\/span><\/strong><\/h3>\n<p>[\/vc_column_text][\/vc_column][vc_column css_animation=\u00bbnone\u00bb width=\u00bb1\/3&#8243;]<a  itemprop=\"url\" href=\"https:\/\/regispel.com\/comprar\/\" target=\"_self\"  class=\"qbutton  large white default\" style=\"\">COMPRE YA<\/a>[\/vc_column][\/vc_row]<\/p>\n<\/div>","protected":false},"excerpt":{"rendered":"<p>[vc_row css_animation=\u00bb\u00bb row_type=\u00bbrow\u00bb use_row_as_full_screen_section=\u00bbno\u00bb type=\u00bbgrid\u00bb angled_section=\u00bbno\u00bb text_align=\u00bbleft\u00bb background_image_as_pattern=\u00bbwithout_pattern\u00bb padding_top=\u00bb85&#8243; padding_bottom=\u00bb47&#8243;][vc_column width=\u00bb1\/2&#8243;][vc_empty_space height=\u00bb50&#8243;][vc_single_image image=\u00bb15859&#8243; img_size=\u00bbfull\u00bb qode_css_animation=\u00bb\u00bb][\/vc_column][vc_column width=\u00bb1\/2&#8243;][vc_column_text]Transforme sus insumos en una poderosa herramienta de marketing &nbsp; Para desarrollar insumos impresos y personalizados, Regispel cuenta con impresoras offset que garantizan una impresi\u00f3n de alta calidad. De esta&#8230;<\/p>\n","protected":false},"author":1,"featured_media":16690,"parent":0,"menu_order":0,"comment_status":"open","ping_status":"open","template":"full_width.php","meta":{"_monsterinsights_skip_tracking":false,"_monsterinsights_sitenote_active":false,"_monsterinsights_sitenote_note":"","_monsterinsights_sitenote_category":0,"footnotes":""},"class_list":["post-17434","page","type-page","status-publish","has-post-thumbnail","hentry"],"aioseo_notices":[],"_links":{"self":[{"href":"https:\/\/regispel.com\/es\/wp-json\/wp\/v2\/pages\/17434","targetHints":{"allow":["GET"]}}],"collection":[{"href":"https:\/\/regispel.com\/es\/wp-json\/wp\/v2\/pages"}],"about":[{"href":"https:\/\/regispel.com\/es\/wp-json\/wp\/v2\/types\/page"}],"author":[{"embeddable":true,"href":"https:\/\/regispel.com\/es\/wp-json\/wp\/v2\/users\/1"}],"replies":[{"embeddable":true,"href":"https:\/\/regispel.com\/es\/wp-json\/wp\/v2\/comments?post=17434"}],"version-history":[{"count":3,"href":"https:\/\/regispel.com\/es\/wp-json\/wp\/v2\/pages\/17434\/revisions"}],"predecessor-version":[{"id":17437,"href":"https:\/\/regispel.com\/es\/wp-json\/wp\/v2\/pages\/17434\/revisions\/17437"}],"wp:featuredmedia":[{"embeddable":true,"href":"https:\/\/regispel.com\/es\/wp-json\/wp\/v2\/media\/16690"}],"wp:attachment":[{"href":"https:\/\/regispel.com\/es\/wp-json\/wp\/v2\/media?parent=17434"}],"curies":[{"name":"wp","href":"https:\/\/api.w.org\/{rel}","templated":true}]}}