{"id":17439,"date":"2022-06-18T00:36:59","date_gmt":"2022-06-18T03:36:59","guid":{"rendered":"https:\/\/regispel.com\/?page_id=17439"},"modified":"2023-11-30T13:19:54","modified_gmt":"2023-11-30T16:19:54","slug":"bobinas-para-reloj-registrador-electronico-rep","status":"publish","type":"page","link":"https:\/\/regispel.com\/es\/bobinas-para-reloj-registrador-electronico-rep\/","title":{"rendered":"Bobinas para Reloj Registrador Electr\u00f3nico (REP)"},"content":{"rendered":"<div class=\"wpb-content-wrapper\"><p>[vc_row css_animation=\u00bb\u00bb row_type=\u00bbrow\u00bb use_row_as_full_screen_section=\u00bbno\u00bb type=\u00bbgrid\u00bb angled_section=\u00bbno\u00bb text_align=\u00bbleft\u00bb background_image_as_pattern=\u00bbwithout_pattern\u00bb padding_top=\u00bb85&#8243; padding_bottom=\u00bb47&#8243;][vc_column width=\u00bb1\/2&#8243;][vc_single_image image=\u00bb20025&#8243; img_size=\u00bbfull\u00bb qode_css_animation=\u00bb\u00bb][\/vc_column][vc_column width=\u00bb1\/2&#8243;][vc_separator type=\u00bbtransparent\u00bb up=\u00bb20&#8243; down=\u00bb0&#8243;][vc_column_text]Equipos REP deben emitir un comprobante con los datos del empleado con una duraci\u00f3n de 5 a\u00f1os. Esto por ley.<\/p>\n<p>&nbsp;<\/p>\n<p>Al trabajador se lo debe instruir sobre la forma correcta de almacenar los comprobantes, pero es esencial que la empresa utilice el papel t\u00e9rmico correcto.<\/p>\n<p>&nbsp;<\/p>\n<p>Regispel ofrece los mejores y m\u00e1s duraderos papeles t\u00e9rmicos del mercado para esta aplicaci\u00f3n.[\/vc_column_text][\/vc_column][\/vc_row][vc_row css_animation=\u00bb\u00bb row_type=\u00bbrow\u00bb use_row_as_full_screen_section=\u00bbno\u00bb type=\u00bbgrid\u00bb angled_section=\u00bbno\u00bb text_align=\u00bbleft\u00bb background_image_as_pattern=\u00bbwithout_pattern\u00bb padding_top=\u00bb85&#8243; padding_bottom=\u00bb47&#8243;][vc_column css=\u00bb.vc_custom_1656541522520{margin-top: -70px !important;}\u00bb][vc_text_separator title=\u00bbBobinas para Reloj Registrador Electr\u00f3nico (REP)\u00bb title_align=\u00bbseparator_align_left\u00bb border=\u00bbno\u00bb background_color=\u00bb#6ac100&#8243; title_color=\u00bb#ffffff\u00bb][\/vc_column][\/vc_row][vc_row css_animation=\u00bb\u00bb row_type=\u00bbrow\u00bb use_row_as_full_screen_section=\u00bbno\u00bb type=\u00bbgrid\u00bb angled_section=\u00bbno\u00bb text_align=\u00bbleft\u00bb background_image_as_pattern=\u00bbwithout_pattern\u00bb padding_top=\u00bb85&#8243; padding_bottom=\u00bb47&#8243; css=\u00bb.vc_custom_1656543296703{margin-top: -150px !important;}\u00bb z_index=\u00bb\u00bb][vc_column width=\u00bb1\/4&#8243;][vc_column_text css=\u00bb.vc_custom_1660955246423{padding-top: 20px !important;padding-bottom: 20px !important;background-color: #6ac100 !important;}\u00bb]<\/p>\n<p style=\"text-align: center;\"><span style=\"color: #ffffff;\"><strong>Bobinas (mm)<\/strong><\/span><\/p>\n<p>[\/vc_column_text][vc_empty_space][vc_column_text]<\/p>\n<p style=\"text-align: center;\">57<br \/>\n57<br \/>\n80<\/p>\n<p>[\/vc_column_text][\/vc_column][vc_column width=\u00bb1\/4&#8243;][vc_column_text css=\u00bb.vc_custom_1660955257527{padding-top: 20px !important;padding-bottom: 20px !important;background-color: #6ac100 !important;}\u00bb]<\/p>\n<p style=\"text-align: center;\"><span style=\"color: #ffffff;\"><strong>Di\u00e1metro (mm)<\/strong><\/span><\/p>\n<p>[\/vc_column_text][vc_empty_space][vc_column_text]<\/p>\n<p style=\"text-align: center;\">46 \/ 48 \/ 55 \/ 69 \/ 76<br \/>\n85 \/ 104 \/ 113 \/ 146 \/ 159<br \/>\n100<\/p>\n<p>[\/vc_column_text][\/vc_column][vc_column width=\u00bb1\/4&#8243;][vc_column_text css=\u00bb.vc_custom_1660955273717{padding-top: 20px !important;padding-bottom: 20px !important;background-color: #6ac100 !important;}\u00bb]<\/p>\n<p style=\"text-align: center;\"><span style=\"color: #ffffff;\"><strong>Largo (m)<\/strong><\/span><\/p>\n<p>[\/vc_column_text][vc_empty_space][vc_column_text]<\/p>\n<p style=\"text-align: center;\">27 \/ 30 \/ 40 \/ 65 \/ 80<br \/>\n100 \/ 150 \/ 180 \/ 300 \/ 360<br \/>\n140<\/p>\n<p>[\/vc_column_text][\/vc_column][vc_column width=\u00bb1\/4&#8243;][vc_column_text css=\u00bb.vc_custom_1660955285148{padding-top: 20px !important;padding-bottom: 20px !important;background-color: #6ac100 !important;}\u00bb]<\/p>\n<p style=\"text-align: center;\"><span style=\"color: #ffffff;\"><strong>Bobinas p\/ caja<\/strong><\/span><\/p>\n<p>[\/vc_column_text][vc_empty_space][vc_column_text]<\/p>\n<p style=\"text-align: center;\">30 \/ 30 \/ 30 \/ 22 \/ 24<br \/>\n18 \/ 5 \/ 9 \/ 6 \/ 4<br \/>\n8<\/p>\n<p>[\/vc_column_text][\/vc_column][\/vc_row][vc_row css_animation=\u00bbelement_from_fade\u00bb row_type=\u00bbrow\u00bb use_row_as_full_screen_section=\u00bbno\u00bb type=\u00bbgrid\u00bb angled_section=\u00bbno\u00bb text_align=\u00bbcenter\u00bb background_image_as_pattern=\u00bbwithout_pattern\u00bb background_color=\u00bb#f9f9f9&#8243; padding_top=\u00bb87&#8243; padding_bottom=\u00bb88&#8243; transition_delay=\u00bb150&#8243; css=\u00bb.vc_custom_1655506308318{background-color: #1e73be !important;}\u00bb z_index=\u00bb\u00bb][vc_column width=\u00bb2\/3&#8243;][vc_column_text]<\/p>\n<h3 style=\"text-align: right;\"><strong><span style=\"color: #ffffff;\">Pide tus bobinas Regispel ahora<\/span><\/strong><\/h3>\n<p>[\/vc_column_text][\/vc_column][vc_column css_animation=\u00bbnone\u00bb width=\u00bb1\/3&#8243;]<a  itemprop=\"url\" href=\"https:\/\/regispel.com\/comprar\/\" target=\"_self\"  class=\"qbutton  large white default\" style=\"\">COMPRE YA<\/a>[\/vc_column][\/vc_row]<\/p>\n<\/div>","protected":false},"excerpt":{"rendered":"<p>[vc_row css_animation=\u00bb\u00bb row_type=\u00bbrow\u00bb use_row_as_full_screen_section=\u00bbno\u00bb type=\u00bbgrid\u00bb angled_section=\u00bbno\u00bb text_align=\u00bbleft\u00bb background_image_as_pattern=\u00bbwithout_pattern\u00bb padding_top=\u00bb85&#8243; padding_bottom=\u00bb47&#8243;][vc_column width=\u00bb1\/2&#8243;][vc_single_image image=\u00bb20025&#8243; img_size=\u00bbfull\u00bb qode_css_animation=\u00bb\u00bb][\/vc_column][vc_column width=\u00bb1\/2&#8243;][vc_separator type=\u00bbtransparent\u00bb up=\u00bb20&#8243; down=\u00bb0&#8243;][vc_column_text]Equipos REP deben emitir un comprobante con los datos del empleado con una duraci\u00f3n de 5 a\u00f1os. Esto por ley. &nbsp; Al trabajador se lo debe instruir sobre&#8230;<\/p>\n","protected":false},"author":1,"featured_media":16692,"parent":0,"menu_order":0,"comment_status":"open","ping_status":"open","template":"full_width.php","meta":{"_monsterinsights_skip_tracking":false,"_monsterinsights_sitenote_active":false,"_monsterinsights_sitenote_note":"","_monsterinsights_sitenote_category":0,"footnotes":""},"class_list":["post-17439","page","type-page","status-publish","has-post-thumbnail","hentry"],"aioseo_notices":[],"_links":{"self":[{"href":"https:\/\/regispel.com\/es\/wp-json\/wp\/v2\/pages\/17439","targetHints":{"allow":["GET"]}}],"collection":[{"href":"https:\/\/regispel.com\/es\/wp-json\/wp\/v2\/pages"}],"about":[{"href":"https:\/\/regispel.com\/es\/wp-json\/wp\/v2\/types\/page"}],"author":[{"embeddable":true,"href":"https:\/\/regispel.com\/es\/wp-json\/wp\/v2\/users\/1"}],"replies":[{"embeddable":true,"href":"https:\/\/regispel.com\/es\/wp-json\/wp\/v2\/comments?post=17439"}],"version-history":[{"count":4,"href":"https:\/\/regispel.com\/es\/wp-json\/wp\/v2\/pages\/17439\/revisions"}],"predecessor-version":[{"id":20028,"href":"https:\/\/regispel.com\/es\/wp-json\/wp\/v2\/pages\/17439\/revisions\/20028"}],"wp:featuredmedia":[{"embeddable":true,"href":"https:\/\/regispel.com\/es\/wp-json\/wp\/v2\/media\/16692"}],"wp:attachment":[{"href":"https:\/\/regispel.com\/es\/wp-json\/wp\/v2\/media?parent=17439"}],"curies":[{"name":"wp","href":"https:\/\/api.w.org\/{rel}","templated":true}]}}