{"id":17497,"date":"2022-06-30T20:06:19","date_gmt":"2022-06-30T23:06:19","guid":{"rendered":"https:\/\/regispel.com\/rotulos\/"},"modified":"2022-08-19T22:42:39","modified_gmt":"2022-08-20T01:42:39","slug":"rotulos-regispel","status":"publish","type":"page","link":"https:\/\/regispel.com\/es\/rotulos-regispel\/","title":{"rendered":"R\u00f3tulos"},"content":{"rendered":"<div class=\"wpb-content-wrapper\"><p>[vc_row css_animation=\u00bb\u00bb row_type=\u00bbrow\u00bb use_row_as_full_screen_section=\u00bbno\u00bb type=\u00bbgrid\u00bb angled_section=\u00bbno\u00bb text_align=\u00bbcenter\u00bb background_image_as_pattern=\u00bbwithout_pattern\u00bb padding_top=\u00bb86&#8243; padding_bottom=\u00bb40&#8243; el_class=\u00bbcustom-icon-styles\u00bb][vc_column][vc_row_inner row_type=\u00bbrow\u00bb type=\u00bbfull_width\u00bb text_align=\u00bbleft\u00bb css_animation=\u00bbelement_from_bottom\u00bb transition_delay=\u00bb150&#8243; padding_bottom=\u00bb75&#8243;][vc_column_inner][vc_column_text css=\u00bb.vc_custom_1656680215438{margin-bottom: 50px !important;}\u00bb]<\/p>\n<h1 style=\"text-align: center;\">R\u00f3tulos Regispel<\/h1>\n<p>[\/vc_column_text][vc_column_text]<\/p>\n<p style=\"text-align: center;\"><strong>Os r\u00f3tulos comp\u00f5em as embalagens e s\u00e3o respons\u00e1veis por trazerem vida e agregar mais valor ao produto.<\/strong><br \/>\n<strong>O impacto do r\u00f3tulo pode ser decisivo na escolha do consumidor no momento da compra.<\/strong><\/p>\n<p>[\/vc_column_text][\/vc_column_inner][\/vc_row_inner][vc_row_inner row_type=\u00bbrow\u00bb type=\u00bbfull_width\u00bb text_align=\u00bbleft\u00bb css_animation=\u00bbelement_from_bottom\u00bb transition_delay=\u00bb150&#8243; padding_bottom=\u00bb75&#8243;][vc_column_inner width=\u00bb1\/2&#8243;][vc_column_text]<\/p>\n<p style=\"text-align: left;\"><strong>Principais Materiais:<\/strong><\/p>\n<p>&nbsp;<\/p>\n<ul>\n<li style=\"text-align: left;\">Filmes Adesivos BOPP branco, metalizado, transparente e poli\u00e9ster.<\/li>\n<li style=\"text-align: left;\">Pap\u00e9is couch\u00e9 branco e fosco.<\/li>\n<\/ul>\n<p>&nbsp;<\/p>\n<p style=\"text-align: left;\">Nossa equipe t\u00e9cnica est\u00e1 preparada para dar todo o suporte na indica\u00e7\u00e3o do tipo substrato e cola especifico para cada tipo de rotulagem e a para condicionamento que o produto ser\u00e1 exposto.<\/p>\n<p>[\/vc_column_text][\/vc_column_inner][vc_column_inner width=\u00bb1\/2&#8243;][vc_column_text]<\/p>\n<p style=\"text-align: left;\"><strong>Aplica\u00e7\u00f5es e Acabamentos:<\/strong><\/p>\n<p>&nbsp;<\/p>\n<p style=\"text-align: left;\">Os r\u00f3tulos fabricados pela Regispel, podem apresentar os mais variados tipos de acabamento, agregando valor ao produto:<\/p>\n<p>&nbsp;<\/p>\n<ul>\n<li style=\"text-align: left;\">Efeitos metalizados atrav\u00e9s da aplica\u00e7\u00e3o de Cold foil Stamping e Hot Stamping localizados na cor conforme cada desenvolvimento.<\/li>\n<li style=\"text-align: left;\">Lamina\u00e7\u00e3o brilho ou fosca, que al\u00e9m de oferecer um \u00f3timo acabamento visual, pendendo da aplica\u00e7\u00e3o protege o r\u00f3tulo de agentes externos.<\/li>\n<li style=\"text-align: left;\">Verniz especiais UV (Ultra Violeta) brilho ou fosco com o sem reservas que destacam o impresso e auxiliam na prote\u00e7\u00e3o do r\u00f3tulo.<\/li>\n<li>Delam Relam (impress\u00e3o no adesivo) nossa impressoras permite impress\u00e3o sobre o adesivo fazendo a fun\u00e7\u00e3o do contrarr\u00f3tulo.<\/li>\n<\/ul>\n<p>[\/vc_column_text][\/vc_column_inner][\/vc_row_inner][\/vc_column][\/vc_row][vc_row css_animation=\u00bb\u00bb row_type=\u00bbrow\u00bb use_row_as_full_screen_section=\u00bbno\u00bb type=\u00bbfull_width\u00bb angled_section=\u00bbno\u00bb text_align=\u00bbleft\u00bb background_image_as_pattern=\u00bbwithout_pattern\u00bb el_class=\u00bbhome_image_txt_over\u00bb][vc_column][qode_elements_holder number_of_columns=\u00bbthree_columns\u00bb][qode_elements_holder_item advanced_animations=\u00bbno\u00bb item_padding=\u00bb0 0 0 0&#8243;]<div class=\"q_image_with_text_over q_iwto_hover\"><div class=\"shader\" ><\/div><div class=\"shader_hover\" style=\"background-color: rgba(255,255,255,0.85)\"><\/div><img decoding=\"async\" itemprop=\"image\" src=\"https:\/\/regispel.com\/wp-content\/uploads\/2022\/06\/rotulos-para-alimentos-1.jpg\" alt=\"\" \/><div class=\"text\"><table><tr><td><h4 class=\"caption no_icon\" style=\"color: #2f2f30;\"><\/h4><\/td><\/tr><\/table><table><tr><td><div class=\"desc\"><\/p>\n<h3 style=\"text-align: center;\"><a href=\"https:\/\/regispel.com\/rotulos-para-alimentos\/\"><span style=\"color: #0094de;\">ETIQUETAS DE LOS ALIMENTOS<\/span><\/a><\/h3>\n<p><\/div><\/td><\/tr><\/table><\/div><\/div>[\/qode_elements_holder_item][qode_elements_holder_item advanced_animations=\u00bbno\u00bb item_padding=\u00bb0 0 0 0&#8243;]<div class=\"q_image_with_text_over q_iwto_hover\"><div class=\"shader\" ><\/div><div class=\"shader_hover\" style=\"background-color: rgba(255,255,255,0.85)\"><\/div><img decoding=\"async\" itemprop=\"image\" src=\"https:\/\/regispel.com\/wp-content\/uploads\/2022\/06\/rotulos-para-bebidas-regispel.jpg\" alt=\"\" \/><div class=\"text\"><table><tr><td><h4 class=\"caption no_icon\" style=\"color: #2f2f30;\"><\/h4><\/td><\/tr><\/table><table><tr><td><div class=\"desc\"><\/p>\n<h3 style=\"text-align: center;\"><a href=\"https:\/\/regispel.com\/rotulos-para-bebidas\/\"><span style=\"color: #0094de;\">ETIQUETAS DE BEBIDAS<\/span><\/a><\/h3>\n<p><\/div><\/td><\/tr><\/table><\/div><\/div>[\/qode_elements_holder_item][qode_elements_holder_item advanced_animations=\u00bbno\u00bb item_padding=\u00bb0 0 0 0&#8243;]<div class=\"q_image_with_text_over q_iwto_hover\"><div class=\"shader\" ><\/div><div class=\"shader_hover\" style=\"background-color: rgba(255,255,255,0.85)\"><\/div><img decoding=\"async\" itemprop=\"image\" src=\"https:\/\/regispel.com\/wp-content\/uploads\/2022\/06\/rotulos-cosmeticos-regispel.jpg\" alt=\"\" \/><div class=\"text\"><table><tr><td><h4 class=\"caption no_icon\" style=\"color: #1e73be;\"><\/h4><\/td><\/tr><\/table><table><tr><td><div class=\"desc\"><\/p>\n<h3 style=\"text-align: center;\"><a href=\"https:\/\/regispel.com\/rotulos-para-cosmeticos\/\"><span style=\"color: #0094de;\">ETIQUETAS PARA COSM\u00c9TICOS<\/span><\/a><\/h3>\n<p><\/div><\/td><\/tr><\/table><\/div><\/div>[\/qode_elements_holder_item][\/qode_elements_holder][qode_elements_holder number_of_columns=\u00bbthree_columns\u00bb][qode_elements_holder_item advanced_animations=\u00bbno\u00bb item_padding=\u00bb0 0 0 0&#8243;]<div class=\"q_image_with_text_over q_iwto_hover\"><div class=\"shader\" ><\/div><div class=\"shader_hover\" style=\"background-color: rgba(255,255,255,0.85)\"><\/div><img decoding=\"async\" itemprop=\"image\" src=\"https:\/\/regispel.com\/wp-content\/uploads\/2022\/06\/outros-regispel.jpg\" alt=\"\" \/><div class=\"text\"><table><tr><td><h4 class=\"caption no_icon\" style=\"color: #2f2f30;\"><\/h4><\/td><\/tr><\/table><table><tr><td><div class=\"desc\"><\/p>\n<h3 style=\"text-align: center;\"><a href=\"https:\/\/regispel.com\/rotulos-para-produtos-diversos\/\"><span style=\"color: #0094de;\">R\u00f3tulos para Produtos Diversos<\/span><\/a><\/h3>\n<p><\/div><\/td><\/tr><\/table><\/div><\/div>[\/qode_elements_holder_item][qode_elements_holder_item advanced_animations=\u00bbno\u00bb item_padding=\u00bb0 0 0 0&#8243;]<div class=\"q_image_with_text_over q_iwto_hover\"><div class=\"shader\" ><\/div><div class=\"shader_hover\" style=\"background-color: rgba(255,255,255,0.85)\"><\/div><img decoding=\"async\" itemprop=\"image\" src=\"https:\/\/regispel.com\/wp-content\/uploads\/2022\/06\/rotulos-regispel-frigorifico-1.jpg\" alt=\"\" \/><div class=\"text\"><table><tr><td><h4 class=\"caption no_icon\" style=\"color: #2f2f30;\"><\/h4><\/td><\/tr><\/table><table><tr><td><div class=\"desc\"><\/p>\n<h3 style=\"text-align: center;\"><a href=\"https:\/\/regispel.com\/rotulos-para-frigorifico\/\"><span style=\"color: #0094de;\">ETIQUETAS PARA REFRIGERADOR<\/span><\/a><\/h3>\n<p><\/div><\/td><\/tr><\/table><\/div><\/div>[\/qode_elements_holder_item][qode_elements_holder_item advanced_animations=\u00bbno\u00bb item_padding=\u00bb0 0 0 0&#8243;]<div class=\"q_image_with_text_over q_iwto_hover\"><div class=\"shader\" ><\/div><div class=\"shader_hover\" style=\"background-color: rgba(255,255,255,0.85)\"><\/div><img decoding=\"async\" itemprop=\"image\" src=\"https:\/\/regispel.com\/wp-content\/uploads\/2022\/06\/rotulos-regispel-produtos-de-limpeza-1.jpg\" alt=\"\" \/><div class=\"text\"><table><tr><td><h4 class=\"caption no_icon\" style=\"color: #2f2f30;\"><\/h4><\/td><\/tr><\/table><table><tr><td><div class=\"desc\"><\/p>\n<h3 style=\"text-align: center;\"><a href=\"https:\/\/regispel.com\/rotulos-para-produtos-de-limpeza\/\"><span style=\"color: #0094de;\">ETIQUETAS PARA REFRIGERADOR<\/span><\/a><\/h3>\n<p><\/div><\/td><\/tr><\/table><\/div><\/div>[\/qode_elements_holder_item][\/qode_elements_holder][\/vc_column][\/vc_row][vc_row css_animation=\u00bbelement_from_fade\u00bb row_type=\u00bbrow\u00bb use_row_as_full_screen_section=\u00bbno\u00bb type=\u00bbgrid\u00bb angled_section=\u00bbno\u00bb text_align=\u00bbcenter\u00bb background_image_as_pattern=\u00bbwithout_pattern\u00bb background_color=\u00bb#f9f9f9&#8243; padding_top=\u00bb87&#8243; padding_bottom=\u00bb88&#8243; transition_delay=\u00bb150&#8243; css=\u00bb.vc_custom_1655506308318{background-color: #1e73be !important;}\u00bb z_index=\u00bb\u00bb][vc_column width=\u00bb2\/3&#8243;][vc_column_text]<\/p>\n<h3 style=\"text-align: right;\"><strong><span style=\"color: #ffffff;\">Pide tus R\u00f3tulos Regispel ahora<\/span><\/strong><\/h3>\n<p>[\/vc_column_text][\/vc_column][vc_column css_animation=\u00bbnone\u00bb width=\u00bb1\/3&#8243;]<a  itemprop=\"url\" href=\"https:\/\/regispel.com\/comprar\/\" target=\"_self\"  class=\"qbutton  large white default\" style=\"\">COMPRE YA<\/a>[\/vc_column][\/vc_row]<\/p>\n<\/div>","protected":false},"excerpt":{"rendered":"<p>[vc_row css_animation=\u00bb\u00bb row_type=\u00bbrow\u00bb use_row_as_full_screen_section=\u00bbno\u00bb type=\u00bbgrid\u00bb angled_section=\u00bbno\u00bb text_align=\u00bbcenter\u00bb background_image_as_pattern=\u00bbwithout_pattern\u00bb padding_top=\u00bb86&#8243; padding_bottom=\u00bb40&#8243; el_class=\u00bbcustom-icon-styles\u00bb][vc_column][vc_row_inner row_type=\u00bbrow\u00bb type=\u00bbfull_width\u00bb text_align=\u00bbleft\u00bb css_animation=\u00bbelement_from_bottom\u00bb transition_delay=\u00bb150&#8243; padding_bottom=\u00bb75&#8243;][vc_column_inner][vc_column_text css=\u00bb.vc_custom_1656680215438{margin-bottom: 50px !important;}\u00bb] R\u00f3tulos Regispel [\/vc_column_text][vc_column_text] Os r\u00f3tulos comp\u00f5em as embalagens e s\u00e3o respons\u00e1veis por trazerem vida e agregar mais valor ao produto. O impacto do r\u00f3tulo pode&#8230;<\/p>\n","protected":false},"author":1,"featured_media":0,"parent":0,"menu_order":0,"comment_status":"open","ping_status":"open","template":"full_width.php","meta":{"_monsterinsights_skip_tracking":false,"_monsterinsights_sitenote_active":false,"_monsterinsights_sitenote_note":"","_monsterinsights_sitenote_category":0,"footnotes":""},"class_list":["post-17497","page","type-page","status-publish","hentry"],"aioseo_notices":[],"_links":{"self":[{"href":"https:\/\/regispel.com\/es\/wp-json\/wp\/v2\/pages\/17497","targetHints":{"allow":["GET"]}}],"collection":[{"href":"https:\/\/regispel.com\/es\/wp-json\/wp\/v2\/pages"}],"about":[{"href":"https:\/\/regispel.com\/es\/wp-json\/wp\/v2\/types\/page"}],"author":[{"embeddable":true,"href":"https:\/\/regispel.com\/es\/wp-json\/wp\/v2\/users\/1"}],"replies":[{"embeddable":true,"href":"https:\/\/regispel.com\/es\/wp-json\/wp\/v2\/comments?post=17497"}],"version-history":[{"count":3,"href":"https:\/\/regispel.com\/es\/wp-json\/wp\/v2\/pages\/17497\/revisions"}],"predecessor-version":[{"id":17500,"href":"https:\/\/regispel.com\/es\/wp-json\/wp\/v2\/pages\/17497\/revisions\/17500"}],"wp:attachment":[{"href":"https:\/\/regispel.com\/es\/wp-json\/wp\/v2\/media?parent=17497"}],"curies":[{"name":"wp","href":"https:\/\/api.w.org\/{rel}","templated":true}]}}