{"id":17512,"date":"2022-06-27T21:26:41","date_gmt":"2022-06-28T00:26:41","guid":{"rendered":"https:\/\/regispel.com\/rotulos-para-produtos-diversos\/"},"modified":"2022-08-19T22:55:55","modified_gmt":"2022-08-20T01:55:55","slug":"rotulos-para-produtos-diversos","status":"publish","type":"page","link":"https:\/\/regispel.com\/es\/rotulos-para-produtos-diversos\/","title":{"rendered":"R\u00f3tulos para Produtos Diversos"},"content":{"rendered":"<div class=\"wpb-content-wrapper\"><p>[vc_row css_animation=\u00bb\u00bb row_type=\u00bbrow\u00bb use_row_as_full_screen_section=\u00bbno\u00bb type=\u00bbgrid\u00bb angled_section=\u00bbno\u00bb text_align=\u00bbleft\u00bb background_image_as_pattern=\u00bbwithout_pattern\u00bb padding_top=\u00bb85&#8243; padding_bottom=\u00bb47&#8243;][vc_column width=\u00bb1\/2&#8243;][vc_single_image image=\u00bb15765&#8243; img_size=\u00bbfull\u00bb qode_css_animation=\u00bb\u00bb][\/vc_column][vc_column width=\u00bb1\/2&#8243;][vc_separator type=\u00bbtransparent\u00bb up=\u00bb20&#8243; down=\u00bb0&#8243;][vc_column_text]<b>\u00a1Flexibilidad y Versatilidad!<\/b><\/p>\n<p>&nbsp;<\/p>\n<p>Nuestras impresoras MarkAndy P5 de alto rendimiento permiten el desarrollo de productos personalizados, sean cuales sean sus necesidades en tiradas cortas o largas.<\/p>\n<p>&nbsp;<\/p>\n<p>Regispel est\u00e1 preparada para producir etiquetas para los m\u00e1s variados segmentos, ya sea: Automotor, Qu\u00edmico, Veterinario; Pet Shop, Suplementos entre otros.[\/vc_column_text][\/vc_column][\/vc_row][vc_row css_animation=\u00bbelement_from_fade\u00bb row_type=\u00bbrow\u00bb use_row_as_full_screen_section=\u00bbno\u00bb type=\u00bbgrid\u00bb angled_section=\u00bbno\u00bb text_align=\u00bbcenter\u00bb background_image_as_pattern=\u00bbwithout_pattern\u00bb background_color=\u00bb#f9f9f9&#8243; padding_top=\u00bb87&#8243; padding_bottom=\u00bb88&#8243; transition_delay=\u00bb150&#8243; css=\u00bb.vc_custom_1655506308318{background-color: #1e73be !important;}\u00bb z_index=\u00bb\u00bb][vc_column width=\u00bb2\/3&#8243;][vc_column_text]<\/p>\n<h3 style=\"text-align: right;\"><strong><span style=\"color: #ffffff;\">Pide tus etiquetas Regispel ahora<\/span><\/strong><\/h3>\n<p>[\/vc_column_text][\/vc_column][vc_column css_animation=\u00bbnone\u00bb width=\u00bb1\/3&#8243;]<a  itemprop=\"url\" href=\"https:\/\/regispel.com\/comprar\/\" target=\"_self\"  class=\"qbutton  large white default\" style=\"\">COMPRE YA<\/a>[\/vc_column][\/vc_row]<\/p>\n<\/div>","protected":false},"excerpt":{"rendered":"<p>[vc_row css_animation=\u00bb\u00bb row_type=\u00bbrow\u00bb use_row_as_full_screen_section=\u00bbno\u00bb type=\u00bbgrid\u00bb angled_section=\u00bbno\u00bb text_align=\u00bbleft\u00bb background_image_as_pattern=\u00bbwithout_pattern\u00bb padding_top=\u00bb85&#8243; padding_bottom=\u00bb47&#8243;][vc_column width=\u00bb1\/2&#8243;][vc_single_image image=\u00bb15765&#8243; img_size=\u00bbfull\u00bb qode_css_animation=\u00bb\u00bb][\/vc_column][vc_column width=\u00bb1\/2&#8243;][vc_separator type=\u00bbtransparent\u00bb up=\u00bb20&#8243; down=\u00bb0&#8243;][vc_column_text]\u00a1Flexibilidad y Versatilidad! &nbsp; Nuestras impresoras MarkAndy P5 de alto rendimiento permiten el desarrollo de productos personalizados, sean cuales sean sus necesidades en tiradas cortas o largas. &nbsp;&#8230;<\/p>\n","protected":false},"author":1,"featured_media":16716,"parent":0,"menu_order":0,"comment_status":"open","ping_status":"open","template":"full_width.php","meta":{"_monsterinsights_skip_tracking":false,"_monsterinsights_sitenote_active":false,"_monsterinsights_sitenote_note":"","_monsterinsights_sitenote_category":0,"footnotes":""},"class_list":["post-17512","page","type-page","status-publish","has-post-thumbnail","hentry"],"aioseo_notices":[],"_links":{"self":[{"href":"https:\/\/regispel.com\/es\/wp-json\/wp\/v2\/pages\/17512","targetHints":{"allow":["GET"]}}],"collection":[{"href":"https:\/\/regispel.com\/es\/wp-json\/wp\/v2\/pages"}],"about":[{"href":"https:\/\/regispel.com\/es\/wp-json\/wp\/v2\/types\/page"}],"author":[{"embeddable":true,"href":"https:\/\/regispel.com\/es\/wp-json\/wp\/v2\/users\/1"}],"replies":[{"embeddable":true,"href":"https:\/\/regispel.com\/es\/wp-json\/wp\/v2\/comments?post=17512"}],"version-history":[{"count":1,"href":"https:\/\/regispel.com\/es\/wp-json\/wp\/v2\/pages\/17512\/revisions"}],"predecessor-version":[{"id":17513,"href":"https:\/\/regispel.com\/es\/wp-json\/wp\/v2\/pages\/17512\/revisions\/17513"}],"wp:featuredmedia":[{"embeddable":true,"href":"https:\/\/regispel.com\/es\/wp-json\/wp\/v2\/media\/16716"}],"wp:attachment":[{"href":"https:\/\/regispel.com\/es\/wp-json\/wp\/v2\/media?parent=17512"}],"curies":[{"name":"wp","href":"https:\/\/api.w.org\/{rel}","templated":true}]}}