{"id":17518,"date":"2022-06-27T21:12:51","date_gmt":"2022-06-28T00:12:51","guid":{"rendered":"https:\/\/regispel.com\/?page_id=17518"},"modified":"2022-08-19T23:01:54","modified_gmt":"2022-08-20T02:01:54","slug":"etiquetas-para-productos-de-limpieza","status":"publish","type":"page","link":"https:\/\/regispel.com\/es\/etiquetas-para-productos-de-limpieza\/","title":{"rendered":"Etiquetas para productos de limpieza"},"content":{"rendered":"<div class=\"wpb-content-wrapper\"><p>[vc_row css_animation=\u00bb\u00bb row_type=\u00bbrow\u00bb use_row_as_full_screen_section=\u00bbno\u00bb type=\u00bbgrid\u00bb angled_section=\u00bbno\u00bb text_align=\u00bbleft\u00bb background_image_as_pattern=\u00bbwithout_pattern\u00bb padding_top=\u00bb85&#8243; padding_bottom=\u00bb47&#8243;][vc_column width=\u00bb1\/2&#8243;][vc_single_image image=\u00bb15758&#8243; img_size=\u00bbfull\u00bb qode_css_animation=\u00bb\u00bb][\/vc_column][vc_column width=\u00bb1\/2&#8243;][vc_separator type=\u00bbtransparent\u00bb up=\u00bb70&#8243; down=\u00bb0&#8243;][vc_column_text]Las etiquetas autoadhesivas para productos de limpieza cuentan con caracter\u00edsticas especiales que garantizan resistencia y atractivo en el punto de venta, adem\u00e1s de colores vibrantes que se mantienen por mucho m\u00e1s tiempo, gracias a la resistencia UV (Ultra Violeta) utilizada en nuestras tintas.<\/p>\n<p>&nbsp;<\/p>\n<p>Toda esta tecnolog\u00eda se convierte en valor, haciendo que el consumidor perciba tu producto en la g\u00f3ndola y le ayude en la toma de decisi\u00f3n de cu\u00e1l producto se llevar\u00e1 a casa.[\/vc_column_text][\/vc_column][\/vc_row][vc_row css_animation=\u00bbelement_from_fade\u00bb row_type=\u00bbrow\u00bb use_row_as_full_screen_section=\u00bbno\u00bb type=\u00bbgrid\u00bb angled_section=\u00bbno\u00bb text_align=\u00bbcenter\u00bb background_image_as_pattern=\u00bbwithout_pattern\u00bb background_color=\u00bb#f9f9f9&#8243; padding_top=\u00bb87&#8243; padding_bottom=\u00bb88&#8243; transition_delay=\u00bb150&#8243; css=\u00bb.vc_custom_1655506308318{background-color: #1e73be !important;}\u00bb z_index=\u00bb\u00bb][vc_column width=\u00bb2\/3&#8243;][vc_column_text]<\/p>\n<h3 style=\"text-align: right;\"><strong><span style=\"color: #ffffff;\">Pide tus etiquetas Regispel ahora<\/span><\/strong><\/h3>\n<p>[\/vc_column_text][\/vc_column][vc_column css_animation=\u00bbnone\u00bb width=\u00bb1\/3&#8243;]<a  itemprop=\"url\" href=\"https:\/\/regispel.com\/comprar\/\" target=\"_self\"  class=\"qbutton  large white default\" style=\"\">COMPRE YA<\/a>[\/vc_column][\/vc_row]<\/p>\n<\/div>","protected":false},"excerpt":{"rendered":"<p>[vc_row css_animation=\u00bb\u00bb row_type=\u00bbrow\u00bb use_row_as_full_screen_section=\u00bbno\u00bb type=\u00bbgrid\u00bb angled_section=\u00bbno\u00bb text_align=\u00bbleft\u00bb background_image_as_pattern=\u00bbwithout_pattern\u00bb padding_top=\u00bb85&#8243; padding_bottom=\u00bb47&#8243;][vc_column width=\u00bb1\/2&#8243;][vc_single_image image=\u00bb15758&#8243; img_size=\u00bbfull\u00bb qode_css_animation=\u00bb\u00bb][\/vc_column][vc_column width=\u00bb1\/2&#8243;][vc_separator type=\u00bbtransparent\u00bb up=\u00bb70&#8243; down=\u00bb0&#8243;][vc_column_text]Las etiquetas autoadhesivas para productos de limpieza cuentan con caracter\u00edsticas especiales que garantizan resistencia y atractivo en el punto de venta, adem\u00e1s de colores vibrantes que se mantienen&#8230;<\/p>\n","protected":false},"author":1,"featured_media":16712,"parent":0,"menu_order":0,"comment_status":"open","ping_status":"open","template":"full_width.php","meta":{"_monsterinsights_skip_tracking":false,"_monsterinsights_sitenote_active":false,"_monsterinsights_sitenote_note":"","_monsterinsights_sitenote_category":0,"footnotes":""},"class_list":["post-17518","page","type-page","status-publish","has-post-thumbnail","hentry"],"aioseo_notices":[],"_links":{"self":[{"href":"https:\/\/regispel.com\/es\/wp-json\/wp\/v2\/pages\/17518","targetHints":{"allow":["GET"]}}],"collection":[{"href":"https:\/\/regispel.com\/es\/wp-json\/wp\/v2\/pages"}],"about":[{"href":"https:\/\/regispel.com\/es\/wp-json\/wp\/v2\/types\/page"}],"author":[{"embeddable":true,"href":"https:\/\/regispel.com\/es\/wp-json\/wp\/v2\/users\/1"}],"replies":[{"embeddable":true,"href":"https:\/\/regispel.com\/es\/wp-json\/wp\/v2\/comments?post=17518"}],"version-history":[{"count":2,"href":"https:\/\/regispel.com\/es\/wp-json\/wp\/v2\/pages\/17518\/revisions"}],"predecessor-version":[{"id":17520,"href":"https:\/\/regispel.com\/es\/wp-json\/wp\/v2\/pages\/17518\/revisions\/17520"}],"wp:featuredmedia":[{"embeddable":true,"href":"https:\/\/regispel.com\/es\/wp-json\/wp\/v2\/media\/16712"}],"wp:attachment":[{"href":"https:\/\/regispel.com\/es\/wp-json\/wp\/v2\/media?parent=17518"}],"curies":[{"name":"wp","href":"https:\/\/api.w.org\/{rel}","templated":true}]}}