{"id":17571,"date":"2022-07-15T14:47:09","date_gmt":"2022-07-15T17:47:09","guid":{"rendered":"https:\/\/regispel.com\/?page_id=17571"},"modified":"2022-08-20T15:34:14","modified_gmt":"2022-08-20T18:34:14","slug":"guga-kuerten-institute","status":"publish","type":"page","link":"https:\/\/regispel.com\/es\/guga-kuerten-institute\/","title":{"rendered":"Guga Kuerten Institute"},"content":{"rendered":"<div class=\"wpb-content-wrapper\"><p>[vc_row css_animation=\u00bb\u00bb row_type=\u00bbrow\u00bb use_row_as_full_screen_section=\u00bbno\u00bb type=\u00bbgrid\u00bb angled_section=\u00bbno\u00bb text_align=\u00bbleft\u00bb background_image_as_pattern=\u00bbwithout_pattern\u00bb padding_top=\u00bb85&#8243; padding_bottom=\u00bb47&#8243;][vc_column width=\u00bb1\/2&#8243;][vc_column_text]<img loading=\"lazy\" decoding=\"async\" class=\"wp-image-16145 size-full aligncenter\" src=\"http:\/\/regispel.com\/wp-content\/uploads\/2022\/07\/acao-social-guga-kuerten.jpg\" alt=\"\" width=\"750\" height=\"486\" srcset=\"https:\/\/regispel.com\/wp-content\/uploads\/2022\/07\/acao-social-guga-kuerten.jpg 750w, https:\/\/regispel.com\/wp-content\/uploads\/2022\/07\/acao-social-guga-kuerten-300x194.jpg 300w, https:\/\/regispel.com\/wp-content\/uploads\/2022\/07\/acao-social-guga-kuerten-400x260.jpg 400w, https:\/\/regispel.com\/wp-content\/uploads\/2022\/07\/acao-social-guga-kuerten-700x454.jpg 700w\" sizes=\"auto, (max-width: 750px) 100vw, 750px\" \/><\/p>\n<p>&nbsp;<\/p>\n<p>Quien compra carretes Regispel contribuye al desarrollo educativo de los ni\u00f1os de Santa Catarina.<\/p>\n<p>&nbsp;<\/p>\n<p>A partir de ahora, la bobina t\u00e9rmica ECF que compre a Regispel tendr\u00e1 parte de su valor revertido a los programas educativos del Instituto Guga Kurten.<\/p>\n<p>&nbsp;<\/p>\n<p>Esta novedad estar\u00e1 impresa en el reverso de sus carretes, para que sus clientes sepan que usted y su empresa est\u00e1n abrazando la causa educativa con ni\u00f1os y j\u00f3venes.<\/p>\n<p>&nbsp;<\/p>\n<p>Cup\u00f3n Fiscal ahora vale mucho m\u00e1s: Vale la educaci\u00f3n, el deporte y la inclusi\u00f3n social.<\/p>\n<p>&nbsp;<\/p>\n<p>Regispel: la calidad de m\u00e1s de 40 a\u00f1os que ya conoces y apruebas, ayudando a calificar y mejorar la calidad de vida de miles de ni\u00f1os y adolescentes atendidos por IGK en Santa Catarina.[\/vc_column_text][vc_empty_space height=\u00bb50&#8243;][vc_video link=\u00bbhttps:\/\/www.youtube.com\/watch?v=3QzaOfNdL4o\u00bb][\/vc_column][vc_column width=\u00bb1\/2&#8243;][vc_column_text]<\/p>\n<h4><strong><b>Sobre el Instituto Guga Kuerten<\/b><\/strong><\/h4>\n<p>&nbsp;<\/p>\n<p><img loading=\"lazy\" decoding=\"async\" class=\"wp-image-16073 alignleft\" src=\"http:\/\/regispel.com\/wp-content\/uploads\/2022\/07\/1.2-Logo-Instituto-Guga-Kuerten-300x213.jpg\" alt=\"\" width=\"161\" height=\"114\" srcset=\"https:\/\/regispel.com\/wp-content\/uploads\/2022\/07\/1.2-Logo-Instituto-Guga-Kuerten-300x213.jpg 300w, https:\/\/regispel.com\/wp-content\/uploads\/2022\/07\/1.2-Logo-Instituto-Guga-Kuerten-1024x728.jpg 1024w, https:\/\/regispel.com\/wp-content\/uploads\/2022\/07\/1.2-Logo-Instituto-Guga-Kuerten-768x546.jpg 768w, https:\/\/regispel.com\/wp-content\/uploads\/2022\/07\/1.2-Logo-Instituto-Guga-Kuerten-700x498.jpg 700w, https:\/\/regispel.com\/wp-content\/uploads\/2022\/07\/1.2-Logo-Instituto-Guga-Kuerten.jpg 1184w\" sizes=\"auto, (max-width: 161px) 100vw, 161px\" \/><\/p>\n<p>Ofrecer oportunidades de transformaci\u00f3n social. Esa es la misi\u00f3n del Instituto Guga Kuerten, instituci\u00f3n creada en 2000, con el desaf\u00edo de atender a estudiantes de escuelas p\u00fablicas y personas con discapacidad, adem\u00e1s de apoyar acciones educativas en el Estado de Santa Catarina.<\/p>\n<p>&nbsp;<\/p>\n<p>Los proyectos desarrollados por la organizaci\u00f3n est\u00e1n orientados por acciones dirigidas a la inclusi\u00f3n social de los j\u00f3venes. En los siete centros mantenidos por el IGK, seis en la Gran Florian\u00f3polis y uno en Campos Novos, los ni\u00f1os son atendidos en el turno escolar. Dos veces por semana participan de talleres deportivos, educativos y culturales, supervisados \u200b\u200bpor un equipo interdisciplinario, integrado por profesionales de educaci\u00f3n f\u00edsica, pedagog\u00eda, psicolog\u00eda, trabajo social, periodismo y biblioteconom\u00eda.<\/p>\n<p>&nbsp;<\/p>\n<p>Obtenga m\u00e1s informaci\u00f3n en: www.igk.org.br<\/p>\n<p>&nbsp;<\/p>\n<p>Learn more at: www.igk.org.br<\/p>\n<p>&nbsp;<\/p>\n<p>&nbsp;<\/p>\n<p><img loading=\"lazy\" decoding=\"async\" class=\"size-medium wp-image-16074 aligncenter\" src=\"http:\/\/regispel.com\/wp-content\/uploads\/2022\/07\/1.2-cupom_campeao-guga-300x134.png\" alt=\"\" width=\"300\" height=\"134\" srcset=\"https:\/\/regispel.com\/wp-content\/uploads\/2022\/07\/1.2-cupom_campeao-guga-300x134.png 300w, https:\/\/regispel.com\/wp-content\/uploads\/2022\/07\/1.2-cupom_campeao-guga.png 510w\" sizes=\"auto, (max-width: 300px) 100vw, 300px\" \/>[\/vc_column_text][\/vc_column][\/vc_row][vc_row css_animation=\u00bbelement_from_fade\u00bb row_type=\u00bbrow\u00bb use_row_as_full_screen_section=\u00bbno\u00bb type=\u00bbgrid\u00bb angled_section=\u00bbno\u00bb text_align=\u00bbcenter\u00bb background_image_as_pattern=\u00bbwithout_pattern\u00bb background_color=\u00bb#f9f9f9&#8243; padding_top=\u00bb87&#8243; padding_bottom=\u00bb88&#8243; transition_delay=\u00bb150&#8243; css=\u00bb.vc_custom_1655506308318{background-color: #1e73be !important;}\u00bb z_index=\u00bb\u00bb][vc_column width=\u00bb2\/3&#8243;][vc_column_text]<\/p>\n<h3 style=\"text-align: right;\"><strong><span style=\"color: #ffffff;\">Pide tus bobinas Regispel ahora<\/span><\/strong><\/h3>\n<p>[\/vc_column_text][\/vc_column][vc_column css_animation=\u00bbnone\u00bb width=\u00bb1\/3&#8243;]<a  itemprop=\"url\" href=\"https:\/\/regispel.com\/comprar\/\" target=\"_self\"  class=\"qbutton  large white default\" style=\"\">COMPRE YA<\/a>[\/vc_column][\/vc_row]<\/p>\n<\/div>","protected":false},"excerpt":{"rendered":"<p>[vc_row css_animation=\u00bb\u00bb row_type=\u00bbrow\u00bb use_row_as_full_screen_section=\u00bbno\u00bb type=\u00bbgrid\u00bb angled_section=\u00bbno\u00bb text_align=\u00bbleft\u00bb background_image_as_pattern=\u00bbwithout_pattern\u00bb padding_top=\u00bb85&#8243; padding_bottom=\u00bb47&#8243;][vc_column width=\u00bb1\/2&#8243;][vc_column_text] &nbsp; Quien compra carretes Regispel contribuye al desarrollo educativo de los ni\u00f1os de Santa Catarina. &nbsp; A partir de ahora, la bobina t\u00e9rmica ECF que compre a Regispel tendr\u00e1 parte de su valor revertido&#8230;<\/p>\n","protected":false},"author":1,"featured_media":16832,"parent":0,"menu_order":0,"comment_status":"open","ping_status":"closed","template":"full_width.php","meta":{"_monsterinsights_skip_tracking":false,"_monsterinsights_sitenote_active":false,"_monsterinsights_sitenote_note":"","_monsterinsights_sitenote_category":0,"footnotes":""},"class_list":["post-17571","page","type-page","status-publish","has-post-thumbnail","hentry"],"aioseo_notices":[],"_links":{"self":[{"href":"https:\/\/regispel.com\/es\/wp-json\/wp\/v2\/pages\/17571","targetHints":{"allow":["GET"]}}],"collection":[{"href":"https:\/\/regispel.com\/es\/wp-json\/wp\/v2\/pages"}],"about":[{"href":"https:\/\/regispel.com\/es\/wp-json\/wp\/v2\/types\/page"}],"author":[{"embeddable":true,"href":"https:\/\/regispel.com\/es\/wp-json\/wp\/v2\/users\/1"}],"replies":[{"embeddable":true,"href":"https:\/\/regispel.com\/es\/wp-json\/wp\/v2\/comments?post=17571"}],"version-history":[{"count":3,"href":"https:\/\/regispel.com\/es\/wp-json\/wp\/v2\/pages\/17571\/revisions"}],"predecessor-version":[{"id":17574,"href":"https:\/\/regispel.com\/es\/wp-json\/wp\/v2\/pages\/17571\/revisions\/17574"}],"wp:featuredmedia":[{"embeddable":true,"href":"https:\/\/regispel.com\/es\/wp-json\/wp\/v2\/media\/16832"}],"wp:attachment":[{"href":"https:\/\/regispel.com\/es\/wp-json\/wp\/v2\/media?parent=17571"}],"curies":[{"name":"wp","href":"https:\/\/api.w.org\/{rel}","templated":true}]}}