{"id":17579,"date":"2022-07-15T15:31:37","date_gmt":"2022-07-15T18:31:37","guid":{"rendered":"https:\/\/regispel.com\/?page_id=17579"},"modified":"2022-08-20T15:42:17","modified_gmt":"2022-08-20T18:42:17","slug":"instituto-do-cancer-infantil","status":"publish","type":"page","link":"https:\/\/regispel.com\/es\/instituto-do-cancer-infantil\/","title":{"rendered":"Instituto do C\u00e2ncer Infantil"},"content":{"rendered":"<div class=\"wpb-content-wrapper\"><p>[vc_row css_animation=\u00bb\u00bb row_type=\u00bbrow\u00bb use_row_as_full_screen_section=\u00bbno\u00bb type=\u00bbgrid\u00bb angled_section=\u00bbno\u00bb text_align=\u00bbleft\u00bb background_image_as_pattern=\u00bbwithout_pattern\u00bb padding_top=\u00bb85&#8243; padding_bottom=\u00bb47&#8243;][vc_column width=\u00bb1\/2&#8243;][vc_column_text]<img loading=\"lazy\" decoding=\"async\" class=\"aligncenter wp-image-16092 size-full\" src=\"http:\/\/regispel.com\/wp-content\/uploads\/2022\/07\/instituto-do-cancer-infantil.jpeg\" alt=\"\" width=\"738\" height=\"740\" srcset=\"https:\/\/regispel.com\/wp-content\/uploads\/2022\/07\/instituto-do-cancer-infantil.jpeg 738w, https:\/\/regispel.com\/wp-content\/uploads\/2022\/07\/instituto-do-cancer-infantil-300x300.jpeg 300w, https:\/\/regispel.com\/wp-content\/uploads\/2022\/07\/instituto-do-cancer-infantil-150x150.jpeg 150w, https:\/\/regispel.com\/wp-content\/uploads\/2022\/07\/instituto-do-cancer-infantil-500x500.jpeg 500w, https:\/\/regispel.com\/wp-content\/uploads\/2022\/07\/instituto-do-cancer-infantil-700x702.jpeg 700w\" sizes=\"auto, (max-width: 738px) 100vw, 738px\" \/><\/p>\n<p>&nbsp;<\/p>\n<p>Quien compra bobinas Regispel contribuye a la rehabilitaci\u00f3n de Rio Grande do Sul.<\/p>\n<p>&nbsp;<\/p>\n<p>A partir de ahora, la bobina t\u00e9rmica ECF que compre a Regispel tendr\u00e1 parte de su valor revertido a los programas ICI.<\/p>\n<p>&nbsp;<\/p>\n<p>Esta noticia estar\u00e1 impresa en el reverso de sus rollos, para que sus clientes sepan que usted y su empresa se preocupan y participan en la recuperaci\u00f3n de los ni\u00f1os atendidos por la entidad.<\/p>\n<p>&nbsp;<\/p>\n<p>El cup\u00f3n fiscal ahora vale mucho m\u00e1s: recuperaci\u00f3n, adaptaci\u00f3n, inserci\u00f3n social y calidad de vida.<\/p>\n<p>&nbsp;<\/p>\n<p>Regispel: la calidad de 40 a\u00f1os que ya conoces y apruebas, ayudando a dar esperanza a los ni\u00f1os en rehabilitaci\u00f3n en Rio Grande do Sul.[\/vc_column_text][\/vc_column][vc_column width=\u00bb1\/2&#8243;][vc_column_text]<\/p>\n<h4><b>Acerca del Instituto del C\u00e1ncer Infantil<\/b><\/h4>\n<p>&nbsp;<\/p>\n<p><img loading=\"lazy\" decoding=\"async\" class=\" wp-image-16176 alignleft\" src=\"http:\/\/regispel.com\/wp-content\/uploads\/2022\/07\/regispel-instituto-do-cancer-infantil.png\" alt=\"\" width=\"237\" height=\"113\" \/><\/p>\n<p>El Instituto do C\u00e2ncer Infantil es una organizaci\u00f3n sin fines de lucro que desde hace m\u00e1s de 23 a\u00f1os tiene como objetivo aumentar las tasas de curaci\u00f3n del c\u00e1ncer infantil.<\/p>\n<p>&nbsp;<\/p>\n<p>Referente en el cuidado de ni\u00f1os y adolescentes con c\u00e1ncer, ICI ya atendi\u00f3 a miles de pacientes, con toda la asistencia necesaria para su tratamiento.<\/p>\n<p>&nbsp;<\/p>\n<p>A trav\u00e9s del ICI, los ni\u00f1os y adolescentes reciben apoyo pedag\u00f3gico, psicol\u00f3gico, nutricional, odontol\u00f3gico, medicamentos y ex\u00e1menes especiales. Sus familias tambi\u00e9n reciben asistencia en ropa, calzado y ayuda alimentaria. Adem\u00e1s, el Instituto tambi\u00e9n desarrolla proyectos de Investigaci\u00f3n Cient\u00edfica, dedicados al avance de nuevos tratamientos para el c\u00e1ncer infantil.<\/p>\n<p>&nbsp;<\/p>\n<p>Obtenga m\u00e1s informaci\u00f3n sobre ICI en:<\/p>\n<p><a href=\"http:\/\/www.ici-rs.org.br\">www.ici-rs.org.br<\/a> | icirs@ici-rs.org.br |tel\u00e9fono: (51 3331.8704)<\/p>\n<p>&nbsp;<\/p>\n<p><img loading=\"lazy\" decoding=\"async\" class=\"size-medium wp-image-16095 aligncenter\" src=\"http:\/\/regispel.com\/wp-content\/uploads\/2022\/07\/cupom-social-instituto-cancer-infantil-300x174.jpg\" alt=\"\" width=\"300\" height=\"174\" srcset=\"https:\/\/regispel.com\/wp-content\/uploads\/2022\/07\/cupom-social-instituto-cancer-infantil-300x174.jpg 300w, https:\/\/regispel.com\/wp-content\/uploads\/2022\/07\/cupom-social-instituto-cancer-infantil-768x445.jpg 768w, https:\/\/regispel.com\/wp-content\/uploads\/2022\/07\/cupom-social-instituto-cancer-infantil-700x406.jpg 700w, https:\/\/regispel.com\/wp-content\/uploads\/2022\/07\/cupom-social-instituto-cancer-infantil.jpg 913w\" sizes=\"auto, (max-width: 300px) 100vw, 300px\" \/>[\/vc_column_text][vc_empty_space height=\u00bb30&#8243;][vc_video link=\u00bbhttps:\/\/www.youtube.com\/watch?v=Pps9iqzx6Qg\u00bb][\/vc_column][\/vc_row][vc_row css_animation=\u00bbelement_from_fade\u00bb row_type=\u00bbrow\u00bb use_row_as_full_screen_section=\u00bbno\u00bb type=\u00bbgrid\u00bb angled_section=\u00bbno\u00bb text_align=\u00bbcenter\u00bb background_image_as_pattern=\u00bbwithout_pattern\u00bb background_color=\u00bb#f9f9f9&#8243; padding_top=\u00bb87&#8243; padding_bottom=\u00bb88&#8243; transition_delay=\u00bb150&#8243; css=\u00bb.vc_custom_1655506308318{background-color: #1e73be !important;}\u00bb z_index=\u00bb\u00bb][vc_column width=\u00bb2\/3&#8243;][vc_column_text]<\/p>\n<h3 style=\"text-align: right;\"><strong><span style=\"color: #ffffff;\">Pide tus bobinas Regispel ahora<\/span><\/strong><\/h3>\n<p>[\/vc_column_text][\/vc_column][vc_column css_animation=\u00bbnone\u00bb width=\u00bb1\/3&#8243;]<a  itemprop=\"url\" href=\"https:\/\/regispel.com\/comprar\/\" target=\"_self\"  class=\"qbutton  large white default\" style=\"\">COMPRE YA<\/a>[\/vc_column][\/vc_row]<\/p>\n<\/div>","protected":false},"excerpt":{"rendered":"<p>[vc_row css_animation=\u00bb\u00bb row_type=\u00bbrow\u00bb use_row_as_full_screen_section=\u00bbno\u00bb type=\u00bbgrid\u00bb angled_section=\u00bbno\u00bb text_align=\u00bbleft\u00bb background_image_as_pattern=\u00bbwithout_pattern\u00bb padding_top=\u00bb85&#8243; padding_bottom=\u00bb47&#8243;][vc_column width=\u00bb1\/2&#8243;][vc_column_text] &nbsp; Quien compra bobinas Regispel contribuye a la rehabilitaci\u00f3n de Rio Grande do Sul. &nbsp; A partir de ahora, la bobina t\u00e9rmica ECF que compre a Regispel tendr\u00e1 parte de su valor revertido a&#8230;<\/p>\n","protected":false},"author":1,"featured_media":16882,"parent":0,"menu_order":0,"comment_status":"open","ping_status":"closed","template":"full_width.php","meta":{"_monsterinsights_skip_tracking":false,"_monsterinsights_sitenote_active":false,"_monsterinsights_sitenote_note":"","_monsterinsights_sitenote_category":0,"footnotes":""},"class_list":["post-17579","page","type-page","status-publish","has-post-thumbnail","hentry"],"aioseo_notices":[],"_links":{"self":[{"href":"https:\/\/regispel.com\/es\/wp-json\/wp\/v2\/pages\/17579","targetHints":{"allow":["GET"]}}],"collection":[{"href":"https:\/\/regispel.com\/es\/wp-json\/wp\/v2\/pages"}],"about":[{"href":"https:\/\/regispel.com\/es\/wp-json\/wp\/v2\/types\/page"}],"author":[{"embeddable":true,"href":"https:\/\/regispel.com\/es\/wp-json\/wp\/v2\/users\/1"}],"replies":[{"embeddable":true,"href":"https:\/\/regispel.com\/es\/wp-json\/wp\/v2\/comments?post=17579"}],"version-history":[{"count":3,"href":"https:\/\/regispel.com\/es\/wp-json\/wp\/v2\/pages\/17579\/revisions"}],"predecessor-version":[{"id":17582,"href":"https:\/\/regispel.com\/es\/wp-json\/wp\/v2\/pages\/17579\/revisions\/17582"}],"wp:featuredmedia":[{"embeddable":true,"href":"https:\/\/regispel.com\/es\/wp-json\/wp\/v2\/media\/16882"}],"wp:attachment":[{"href":"https:\/\/regispel.com\/es\/wp-json\/wp\/v2\/media?parent=17579"}],"curies":[{"name":"wp","href":"https:\/\/api.w.org\/{rel}","templated":true}]}}