{"id":17605,"date":"2022-07-15T17:53:12","date_gmt":"2022-07-15T20:53:12","guid":{"rendered":"https:\/\/regispel.com\/?page_id=17605"},"modified":"2022-08-20T16:15:58","modified_gmt":"2022-08-20T19:15:58","slug":"cupom-tricolor-2","status":"publish","type":"page","link":"https:\/\/regispel.com\/es\/cupom-tricolor-2\/","title":{"rendered":"Cupom Tricolor"},"content":{"rendered":"<div class=\"wpb-content-wrapper\"><p>[vc_row css_animation=\u00bb\u00bb row_type=\u00bbrow\u00bb use_row_as_full_screen_section=\u00bbno\u00bb type=\u00bbgrid\u00bb angled_section=\u00bbno\u00bb text_align=\u00bbleft\u00bb background_image_as_pattern=\u00bbwithout_pattern\u00bb padding_top=\u00bb85&#8243; padding_bottom=\u00bb47&#8243;][vc_column width=\u00bb1\/2&#8243;][vc_column_text]<img loading=\"lazy\" decoding=\"async\" class=\"wp-image-16167 size-full aligncenter\" src=\"http:\/\/regispel.com\/wp-content\/uploads\/2022\/07\/acao-social-tricolor.jpg\" alt=\"\" width=\"750\" height=\"486\" srcset=\"https:\/\/regispel.com\/wp-content\/uploads\/2022\/07\/acao-social-tricolor.jpg 750w, https:\/\/regispel.com\/wp-content\/uploads\/2022\/07\/acao-social-tricolor-300x194.jpg 300w, https:\/\/regispel.com\/wp-content\/uploads\/2022\/07\/acao-social-tricolor-400x260.jpg 400w, https:\/\/regispel.com\/wp-content\/uploads\/2022\/07\/acao-social-tricolor-700x454.jpg 700w\" sizes=\"auto, (max-width: 750px) 100vw, 750px\" \/><\/p>\n<p>&nbsp;<\/p>\n<p>Quien compra carretes de Regispel contribuye a IGT Education<\/p>\n<p>&nbsp;<\/p>\n<p>A partir de ahora, cada cup\u00f3n fiscal que reciba al comprar en Gr\u00eamio Mania colaborar\u00e1 con los programas sociales del Instituto Gera\u00e7\u00e3o Tricolor.<\/p>\n<p>&nbsp;<\/p>\n<p>Esta novedad quedar\u00e1 impresa en el reverso del comprobante fiscal, permiti\u00e9ndote participar y dar a conocer las acciones de nuestro instituto que atiende a m\u00e1s de 300 ni\u00f1os.<\/p>\n<p>Cup\u00f3n Tricolor ahora vale mucho m\u00e1s: cultura, ciudadan\u00eda, sustentabilidad y educaci\u00f3n.[\/vc_column_text][\/vc_column][vc_column width=\u00bb1\/2&#8243;][vc_column_text]<b>Sobre el Instituto Gera\u00e7\u00e3o Tricolor<\/b><\/p>\n<p>&nbsp;<\/p>\n<p>El IGT es una instituci\u00f3n educativa que tiene como objetivo garantizar el derecho a la ni\u00f1ez y la adolescencia, promueve y apoya proyectos sociales dirigidos al desarrollo de ni\u00f1os y adolescentes, entre 6 y 14 a\u00f1os, en situaci\u00f3n de vulnerabilidad social y econ\u00f3mica.<\/p>\n<p>&nbsp;<\/p>\n<p>Actualmente, trabaja en dos turnos, en el per\u00edodo opuesto a la escuela, por los pasantes de Pedagog\u00eda y Educaci\u00f3n F\u00edsica. Las actividades se desarrollan en talleres recreativos-pedag\u00f3gicos y deportivos, visando la integraci\u00f3n social y la construcci\u00f3n de ciudadan\u00eda.<\/p>\n<p>&nbsp;<\/p>\n<p>Si quieres saber m\u00e1s sobre el Instituto Gera\u00e7\u00e3o Tricolor o quieres ser voluntario, cont\u00e1ctanos por tel\u00e9fono (51) 3218.2095 y\/o e-mail: igt@gremio.net<\/p>\n<p>&nbsp;<\/p>\n<p>&nbsp;<\/p>\n<p><img loading=\"lazy\" decoding=\"async\" class=\"size-full wp-image-16174 aligncenter\" src=\"http:\/\/regispel.com\/wp-content\/uploads\/2022\/07\/cupom-tricolor-300x150-1.png\" alt=\"\" width=\"300\" height=\"150\" \/>[\/vc_column_text][\/vc_column][\/vc_row][vc_row css_animation=\u00bbelement_from_fade\u00bb row_type=\u00bbrow\u00bb use_row_as_full_screen_section=\u00bbno\u00bb type=\u00bbgrid\u00bb angled_section=\u00bbno\u00bb text_align=\u00bbcenter\u00bb background_image_as_pattern=\u00bbwithout_pattern\u00bb background_color=\u00bb#f9f9f9&#8243; padding_top=\u00bb87&#8243; padding_bottom=\u00bb88&#8243; transition_delay=\u00bb150&#8243; css=\u00bb.vc_custom_1655506308318{background-color: #1e73be !important;}\u00bb z_index=\u00bb\u00bb][vc_column width=\u00bb2\/3&#8243;][vc_column_text]<\/p>\n<h3 style=\"text-align: right;\"><strong><span style=\"color: #ffffff;\">Pide tus bobinas Regispel ahora<\/span><\/strong><\/h3>\n<p>[\/vc_column_text][\/vc_column][vc_column css_animation=\u00bbnone\u00bb width=\u00bb1\/3&#8243;]<a  itemprop=\"url\" href=\"https:\/\/regispel.com\/comprar\/\" target=\"_self\"  class=\"qbutton  large white default\" style=\"\">COMPRE YA<\/a>[\/vc_column][\/vc_row]<\/p>\n<\/div>","protected":false},"excerpt":{"rendered":"<p>[vc_row css_animation=\u00bb\u00bb row_type=\u00bbrow\u00bb use_row_as_full_screen_section=\u00bbno\u00bb type=\u00bbgrid\u00bb angled_section=\u00bbno\u00bb text_align=\u00bbleft\u00bb background_image_as_pattern=\u00bbwithout_pattern\u00bb padding_top=\u00bb85&#8243; padding_bottom=\u00bb47&#8243;][vc_column width=\u00bb1\/2&#8243;][vc_column_text] &nbsp; Quien compra carretes de Regispel contribuye a IGT Education &nbsp; A partir de ahora, cada cup\u00f3n fiscal que reciba al comprar en Gr\u00eamio Mania colaborar\u00e1 con los programas sociales del Instituto Gera\u00e7\u00e3o Tricolor&#8230;.<\/p>\n","protected":false},"author":1,"featured_media":0,"parent":0,"menu_order":0,"comment_status":"open","ping_status":"closed","template":"full_width.php","meta":{"_monsterinsights_skip_tracking":false,"_monsterinsights_sitenote_active":false,"_monsterinsights_sitenote_note":"","_monsterinsights_sitenote_category":0,"footnotes":""},"class_list":["post-17605","page","type-page","status-publish","hentry"],"aioseo_notices":[],"_links":{"self":[{"href":"https:\/\/regispel.com\/es\/wp-json\/wp\/v2\/pages\/17605","targetHints":{"allow":["GET"]}}],"collection":[{"href":"https:\/\/regispel.com\/es\/wp-json\/wp\/v2\/pages"}],"about":[{"href":"https:\/\/regispel.com\/es\/wp-json\/wp\/v2\/types\/page"}],"author":[{"embeddable":true,"href":"https:\/\/regispel.com\/es\/wp-json\/wp\/v2\/users\/1"}],"replies":[{"embeddable":true,"href":"https:\/\/regispel.com\/es\/wp-json\/wp\/v2\/comments?post=17605"}],"version-history":[{"count":3,"href":"https:\/\/regispel.com\/es\/wp-json\/wp\/v2\/pages\/17605\/revisions"}],"predecessor-version":[{"id":17608,"href":"https:\/\/regispel.com\/es\/wp-json\/wp\/v2\/pages\/17605\/revisions\/17608"}],"wp:attachment":[{"href":"https:\/\/regispel.com\/es\/wp-json\/wp\/v2\/media?parent=17605"}],"curies":[{"name":"wp","href":"https:\/\/api.w.org\/{rel}","templated":true}]}}